{"id":2400,"date":"2026-04-16T19:56:24","date_gmt":"2026-04-16T22:56:24","guid":{"rendered":"https:\/\/viroarg.com\/?page_id=2400"},"modified":"2026-04-18T10:09:14","modified_gmt":"2026-04-18T13:09:14","slug":"desayuno-con-expertos","status":"publish","type":"page","link":"https:\/\/viroarg.com\/en\/desayuno-con-expertos\/","title":{"rendered":"BREAKFAST WITH EXPERTS"},"content":{"rendered":"<div class=\"et_pb_section_0 et_pb_section et_section_regular et_flex_section\"><\/div>\n\n<div class=\"et_pb_section_1 et_pb_section et_section_regular et_flex_section\">\n<div class=\"et_pb_row_0 et_pb_row et_flex_row\">\n<div class=\"et_pb_column_0 et_pb_column et_flex_column et_pb_column_empty et_pb_css_mix_blend_mode_passthrough et_flex_column_4_24 et_flex_column_1_7_tablet et_flex_column_24_24_phone et_flex_column_24_24_phoneWide et_flex_column_6_24_tabletWide\"><\/div>\n\n<div class=\"et_pb_column_1 et_pb_column et-last-child et_flex_column et_pb_css_mix_blend_mode_passthrough et_flex_column_16_24 et_flex_column_24_24_phone et_flex_column_24_24_phoneWide et_flex_column_18_24_tabletWide leadWhite\">\n<div class=\"et_pb_divider_0 et_pb_divider et_pb_space et_pb_divider_position_center et_pb_module preset--module--divi-divider--default\"><div class=\"et_pb_divider_internal\"><\/div><\/div>\n\n<div class=\"et_pb_heading_0 et_pb_heading et_pb_module et_flex_module preset--module--divi-heading--pem1ap7pgh\"><div class=\"et_pb_heading_container\"><h1 class=\"et_pb_module_header\">BREAKFAST WITH EXPERTS<\/h1><\/div><\/div>\n\n<div class=\"et_pb_row_1 et_pb_row et_pb_row_nested et_flex_row\">\n<div class=\"et_pb_column_2 et_pb_column et_flex_column et_pb_css_mix_blend_mode_passthrough et_flex_column_24_24 et_flex_column_24_24_tablet et_flex_column_24_24_phoneWide et_flex_column_24_24_tabletWide\">\n<div class=\"et_pb_group_0 et_pb_group et_pb_module et_flex_group et_pb_css_mix_blend_mode_passthrough\">\n<div class=\"et_pb_icon_0 et_pb_icon et_pb_module et_flex_module\"><span class=\"et_pb_icon_wrap\"><span class=\"et-pb-icon\">\uf073<\/span><\/span><\/div>\n\n<div class=\"et_pb_text_0 et_pb_text et_pb_bg_layout_light et_pb_module et_flex_module preset--module--divi-text--zk8a6fejzp\"><div class=\"et_pb_text_inner\"><p>Jueves 28\/05<\/p>\n<\/div><\/div>\n<\/div>\n\n<div class=\"et_pb_group_1 et_pb_group et_pb_module et_flex_group et_pb_css_mix_blend_mode_passthrough\">\n<div class=\"et_pb_icon_1 et_pb_icon et_pb_module et_flex_module\"><span class=\"et_pb_icon_wrap\"><span class=\"et-pb-icon\">\uf017<\/span><\/span><\/div>\n\n<div class=\"et_pb_text_1 et_pb_text et_pb_bg_layout_light et_pb_module et_flex_module preset--module--divi-text--zk8a6fejzp\"><div class=\"et_pb_text_inner\"><p>08:00 a 09:00hs<\/p>\n<\/div><\/div>\n<\/div>\n\n<div class=\"et_pb_group_2 et_pb_group et-last-child et_pb_module et_flex_group et_pb_css_mix_blend_mode_passthrough\">\n<div class=\"et_pb_icon_2 et_pb_icon et_pb_module et_flex_module\"><span class=\"et_pb_icon_wrap\"><span class=\"et-pb-icon\">\uf21d<\/span><\/span><\/div>\n\n<div class=\"et_pb_text_2 et_pb_text et_pb_bg_layout_light et_pb_module et_flex_module preset--module--divi-text--zk8a6fejzp\"><div class=\"et_pb_text_inner\"><p>Bar del Aula Magna<\/p>\n<\/div><\/div>\n<\/div>\n<\/div>\n\n<div class=\"et_pb_column_3 et_pb_column et-last-child et_flex_column et_pb_css_mix_blend_mode_passthrough et_flex_column_24_24 et_flex_column_24_24_tablet et_flex_column_24_24_phoneWide et_flex_column_24_24_tabletWide\">\n<div class=\"et_pb_group_3 et_pb_group et_pb_module et_flex_group et_pb_css_mix_blend_mode_passthrough\">\n<div class=\"et_pb_text_3 et_pb_text et_pb_bg_layout_light et_pb_module et_flex_module preset--module--divi-text--zk8a6fejzp\"><div class=\"et_pb_text_inner\"><p>Actividad gratuita para participantes al Congreso<\/p>\n<\/div><\/div>\n<\/div>\n\n<div class=\"et_pb_group_4 et_pb_group et-last-child et_pb_module et_flex_group et_pb_css_mix_blend_mode_passthrough\">\n<div class=\"et_pb_text_4 et_pb_text et_pb_bg_layout_light et_pb_module et_flex_module preset--module--divi-text--zk8a6fejzp\"><div class=\"et_pb_text_inner\" data-et-mv-hidden-phone=\"true\"><p>Cupo m\u00e1ximo<strong> 20 participantes<\/strong><\/p>\n<\/div><\/div>\n<\/div>\n<\/div>\n<\/div>\n<\/div>\n<\/div>\n<\/div>\n\n<div class=\"et_pb_section_2 et_pb_section et_section_regular et_flex_section\">\n<div class=\"et_pb_row_2 et_pb_row et_flex_row\">\n<div class=\"et_pb_column_4 et_pb_column et_flex_column et_pb_column_empty et_pb_css_mix_blend_mode_passthrough et_flex_column_4_24 et_flex_column_1_7_tablet et_flex_column_24_24_phone et_flex_column_24_24_phoneWide et_flex_column_6_24_tabletWide\"><\/div>\n\n<div class=\"et_pb_column_5 et_pb_column et-last-child et_flex_column et_pb_css_mix_blend_mode_passthrough et_flex_column_16_24 et_flex_column_24_24_phone et_flex_column_24_24_phoneWide et_flex_column_18_24_tabletWide leadWhite\">\n<div class=\"et_pb_row_3 et_pb_row et_pb_row_nested et_flex_row\">\n<div class=\"et_pb_column_6 et_pb_column et_flex_column et_pb_css_mix_blend_mode_passthrough et_flex_column_2_5 et_flex_column_12_24_tablet et_flex_column_24_24_phone et_flex_column_12_24_phoneWide et_flex_column_12_24_tabletWide\">\n<div class=\"et_pb_heading_1 et_pb_heading et_pb_module et_flex_module preset--module--divi-heading--1zr795q7le\"><div class=\"et_pb_heading_container\"><h2 class=\"et_pb_module_header\">Hablemos de Adenovirus: di\u00e1logo con la experta<\/h2><\/div><\/div>\n\n<div class=\"et_pb_text_5 et_pb_text et_pb_bg_layout_dark et_pb_module et_flex_module preset--module--divi-text--default\"><div class=\"et_pb_text_inner\"><h3>Los invitamos a participar de una actividad especial en el marco del Simposio de Virolog\u00eda Cl\u00ednica, dise\u00f1ada como un espacio de intercambio cercano con la experta invitada.<\/h3>\n<\/div><\/div>\n\n<div class=\"et_pb_text_6 et_pb_text et_pb_bg_layout_dark et_pb_module et_flex_module preset--module--divi-text--default\"><div class=\"et_pb_text_inner\"><p><span style=\"font-weight: 400;\">El encuentro se desarrollar\u00e1 en formato de desayuno. La selecci\u00f3n de los asistentes se realizar\u00e1 considerando los siguientes criterios:<\/span><\/p>\n<ul>\n<li><span style=\"font-weight: 400;\">representaci\u00f3n de distintos centros o instituciones (priorizando un participante por instituci\u00f3n)<\/span><\/li>\n<li>\u00e1rea de desempe\u00f1o profesional<\/li>\n<li>orden de inscripci\u00f3n<\/li>\n<\/ul>\n<p><span style=\"font-weight: 400;\">Para completar la inscripci\u00f3n, <strong>deber\u00e1 incluir al menos una pregunta de inter\u00e9s<\/strong> que le gustar\u00eda discutir durante el encuentro.\u00a0<\/span><\/p>\n<\/div><\/div>\n<\/div>\n\n<div class=\"et_pb_column_7 et_pb_column et-last-child et_flex_column et_pb_css_mix_blend_mode_passthrough et_flex_column_8_24 et_flex_column_12_24_tablet et_flex_column_24_24_phone et_flex_column_12_24_phoneWide et_flex_column_12_24_tabletWide\">\n<div class=\"et_pb_image_0 et_pb_image et_pb_module et_flex_module\"><span class=\"et_pb_image_wrap\"><img decoding=\"async\" src=\"https:\/\/viroarg.com\/wp-content\/uploads\/2026\/02\/Adriana-Kajon-BN-1.png\" title=\"Adriana Kajon-BN\" width=\"375\" height=\"375\" srcset=\"https:\/\/viroarg.com\/wp-content\/uploads\/2026\/02\/Adriana-Kajon-BN-1.png 375w, https:\/\/viroarg.com\/wp-content\/uploads\/2026\/02\/Adriana-Kajon-BN-1-300x300.png 300w, https:\/\/viroarg.com\/wp-content\/uploads\/2026\/02\/Adriana-Kajon-BN-1-150x150.png 150w, https:\/\/viroarg.com\/wp-content\/uploads\/2026\/02\/Adriana-Kajon-BN-1-12x12.png 12w\" sizes=\"(max-width: 375px) 100vw, 375px\" class=\"wp-image-942\" \/><\/span><\/div>\n\n<div class=\"et_pb_row_4 et_pb_row et_pb_row_nested et_flex_row et_flex_column_24_24 et_flex_column_24_24_tablet et_flex_column_24_24_phone et_flex_column_24_24_phoneWide et_flex_column_24_24_tabletWide\">\n<div class=\"et_pb_column_8 et_pb_column et-last-child et_flex_column et_pb_css_mix_blend_mode_passthrough et_flex_column_24_24 et_flex_column_24_24_tablet et_flex_column_24_24_phone et_flex_column_24_24_phoneWide et_flex_column_24_24_tabletWide\">\n<div class=\"et_pb_group_5 et_pb_group et_pb_module et_flex_group et_pb_css_mix_blend_mode_passthrough\">\n<div class=\"et_pb_heading_2 et_pb_heading et_pb_module et_flex_module preset--module--divi-heading--bav7nvbw2h\"><div class=\"et_pb_heading_container\"><h4 class=\"et_pb_module_header\">Adriana Kajon<\/h4><\/div><\/div>\n\n<div class=\"et_pb_text_7 et_pb_text et_pb_bg_layout_dark et_pb_module et_flex_module preset--module--divi-text--rzy29opyy5\"><div class=\"et_pb_text_inner\"><p>(Disertante)<\/p>\n<\/div><\/div>\n<\/div>\n\n<div class=\"et_pb_divider_1 et_pb_divider et_pb_space et_pb_divider_position_center et_pb_module preset--module--divi-divider--default\"><div class=\"et_pb_divider_internal\"><\/div><\/div>\n\n<div class=\"et_pb_text_8 et_pb_text et_pb_bg_layout_dark et_pb_module et_flex_module preset--module--divi-text--rzy29opyy5\"><div class=\"et_pb_text_inner\"><p>Lovelace Respiratory Research Institute, Albuquerque, NM, USA<\/p>\n<\/div><\/div>\n\n<div class=\"et_pb_group_6 et_pb_group et-last-child et_pb_module et_flex_group et_pb_css_mix_blend_mode_passthrough\">\n<div class=\"et_pb_image_1 et_pb_image et_pb_module et_flex_module\"><span class=\"et_pb_image_wrap\"><img decoding=\"async\" src=\"https:\/\/stage.viroarg.com\/wp-content\/uploads\/2026\/03\/us.svg\" title=\"us\" class=\"wp-image-2152\" \/><\/span><\/div>\n\n<div class=\"et_pb_text_9 et_pb_text et_pb_bg_layout_dark et_pb_module et_flex_module preset--module--divi-text--80nqw1qpog preset--module--divi-text--rzy29opyy5\"><div class=\"et_pb_text_inner\"><p>ESTADOS UNIDOS<\/p>\n<\/div><\/div>\n<\/div>\n<\/div>\n<\/div>\n<\/div>\n<\/div>\n\n<div class=\"et_pb_row_5 et_pb_row et_pb_row_nested et_flex_row\">\n<div class=\"et_pb_column_9 et_pb_column et-last-child et_flex_column et_pb_css_mix_blend_mode_passthrough et_flex_column_24_24 et_flex_column_24_24_tablet et_flex_column_24_24_phone et_flex_column_24_24_phoneWide et_flex_column_24_24_tabletWide\">\n<div class=\"et_pb_heading_3 et_pb_heading et_pb_module et_flex_module preset--module--divi-heading--28hvvr19x7\"><div class=\"et_pb_heading_container\"><h4 class=\"et_pb_module_header\">Inscripci\u00f3n al desayuno<\/h4><\/div><\/div>\n\n<div class=\"et_pb_module et_pb_button_module_wrapper et_pb_button_0_wrapper preset--module--divi-button--t1a3os15th_wrapper\"><a class=\"et_pb_button_0 et_pb_button et_pb_bg_layout_light et_pb_module et_flex_module preset--module--divi-button--t1a3os15th\" href=\"https:\/\/forms.gle\/LXxRfUgRK73Brqem8\" target=\"_blank\">signup<\/a><\/div>\n\n<div class=\"et_pb_text_10 et_pb_text et_pb_bg_layout_dark et_pb_module et_flex_module preset--module--divi-text--default\"><div class=\"et_pb_text_inner\"><p><strong>Actividad gratuita<\/strong> para participantes inscriptos al CAV2026 \/ Cupos Limitados<\/p>\n<\/div><\/div>\n<\/div>\n<\/div>\n\n<div class=\"et_pb_row_6 et_pb_row et_pb_row_nested et_flex_row\">\n<div class=\"et_pb_column_10 et_pb_column et-last-child et_flex_column et_pb_css_mix_blend_mode_passthrough et_flex_column_8_24 et_flex_column_24_24_phone et_flex_column_12_24_phoneWide et_flex_column_12_24_tabletWide\">\n<div class=\"et_pb_group_7 et_pb_group et_pb_module et_flex_group et_pb_css_mix_blend_mode_passthrough\">\n<div class=\"et_pb_icon_3 et_pb_icon et_pb_module et_flex_module\"><span class=\"et_pb_icon_wrap\"><span class=\"et-pb-icon\">\uf05a<\/span><\/span><\/div>\n\n<div class=\"et_pb_text_11 et_pb_text et_pb_bg_layout_light et_pb_module et_flex_module preset--module--divi-text--otkjwehlv6\"><div class=\"et_pb_text_inner\"><p>M\u00e1s informaci\u00f3n<\/p>\n<\/div><\/div>\n<\/div>\n\n<div class=\"et_pb_text_12 et_pb_text et_pb_bg_layout_dark et_pb_module et_flex_module preset--module--divi-text--default\"><div class=\"et_pb_text_inner\"><p>Para informaci\u00f3n adicional o consultas espec\u00edficas complete su consulta\u00a0 desde el formulario en la secci\u00f3n de <a href=\"\/en\/contacto\/\">contacto<\/a>.<\/p>\n<\/div><\/div>\n<\/div>\n<\/div>\n<\/div>\n<\/div>\n<\/div>","protected":false},"excerpt":{"rendered":"","protected":false},"author":1,"featured_media":0,"parent":0,"menu_order":0,"comment_status":"closed","ping_status":"closed","template":"","meta":{"_acf_changed":false,"footnotes":""},"dipi_cpt_category":[],"class_list":["post-2400","page","type-page","status-publish","hentry"],"acf":[],"yoast_head":"<!-- This site is optimized with the Yoast SEO Premium plugin v25.6 (Yoast SEO v27.4) - https:\/\/yoast.com\/product\/yoast-seo-premium-wordpress\/ -->\n<title>Desayuno con Expertos - XIV Congreso Argentino de Virolog\u00eda<\/title>\n<meta name=\"robots\" content=\"index, follow, max-snippet:-1, max-image-preview:large, max-video-preview:-1\" \/>\n<link rel=\"canonical\" href=\"https:\/\/viroarg.com\/en\/desayuno-con-expertos\/\" \/>\n<meta property=\"og:locale\" content=\"en_GB\" \/>\n<meta property=\"og:type\" content=\"article\" \/>\n<meta property=\"og:title\" content=\"Desayuno con Expertos\" \/>\n<meta property=\"og:url\" content=\"https:\/\/viroarg.com\/en\/desayuno-con-expertos\/\" \/>\n<meta property=\"og:site_name\" content=\"XIV Congreso Argentino de Virolog\u00eda\" \/>\n<meta property=\"article:modified_time\" content=\"2026-04-18T13:09:14+00:00\" \/>\n<meta name=\"twitter:card\" content=\"summary_large_image\" \/>\n<script type=\"application\/ld+json\" class=\"yoast-schema-graph\">{\"@context\":\"https:\\\/\\\/schema.org\",\"@graph\":[{\"@type\":\"WebPage\",\"@id\":\"https:\\\/\\\/viroarg.com\\\/desayuno-con-expertos\\\/\",\"url\":\"https:\\\/\\\/viroarg.com\\\/desayuno-con-expertos\\\/\",\"name\":\"Desayuno con Expertos - XIV Congreso Argentino de Virolog\u00eda\",\"isPartOf\":{\"@id\":\"https:\\\/\\\/viroarg.com\\\/#website\"},\"datePublished\":\"2026-04-16T22:56:24+00:00\",\"dateModified\":\"2026-04-18T13:09:14+00:00\",\"breadcrumb\":{\"@id\":\"https:\\\/\\\/viroarg.com\\\/desayuno-con-expertos\\\/#breadcrumb\"},\"inLanguage\":\"en-GB\",\"potentialAction\":[{\"@type\":\"ReadAction\",\"target\":[\"https:\\\/\\\/viroarg.com\\\/desayuno-con-expertos\\\/\"]}]},{\"@type\":\"BreadcrumbList\",\"@id\":\"https:\\\/\\\/viroarg.com\\\/desayuno-con-expertos\\\/#breadcrumb\",\"itemListElement\":[{\"@type\":\"ListItem\",\"position\":1,\"name\":\"Inicio\",\"item\":\"https:\\\/\\\/viroarg.com\\\/\"},{\"@type\":\"ListItem\",\"position\":2,\"name\":\"Desayuno con Expertos\"}]},{\"@type\":\"WebSite\",\"@id\":\"https:\\\/\\\/viroarg.com\\\/#website\",\"url\":\"https:\\\/\\\/viroarg.com\\\/\",\"name\":\"XIV Congreso Argentino de Virolog\u00eda\",\"description\":\"Virolog\u00eda para el futuro: Ciencia, Tecnolog\u00eda y Salud\",\"potentialAction\":[{\"@type\":\"SearchAction\",\"target\":{\"@type\":\"EntryPoint\",\"urlTemplate\":\"https:\\\/\\\/viroarg.com\\\/?s={search_term_string}\"},\"query-input\":{\"@type\":\"PropertyValueSpecification\",\"valueRequired\":true,\"valueName\":\"search_term_string\"}}],\"inLanguage\":\"en-GB\"}]}<\/script>\n<!-- \/ Yoast SEO Premium plugin. -->","yoast_head_json":{"title":"Desayuno con Expertos - XIV Congreso Argentino de Virolog\u00eda","robots":{"index":"index","follow":"follow","max-snippet":"max-snippet:-1","max-image-preview":"max-image-preview:large","max-video-preview":"max-video-preview:-1"},"canonical":"https:\/\/viroarg.com\/en\/desayuno-con-expertos\/","og_locale":"en_GB","og_type":"article","og_title":"Desayuno con Expertos","og_url":"https:\/\/viroarg.com\/en\/desayuno-con-expertos\/","og_site_name":"XIV Congreso Argentino de Virolog\u00eda","article_modified_time":"2026-04-18T13:09:14+00:00","twitter_card":"summary_large_image","schema":{"@context":"https:\/\/schema.org","@graph":[{"@type":"WebPage","@id":"https:\/\/viroarg.com\/desayuno-con-expertos\/","url":"https:\/\/viroarg.com\/desayuno-con-expertos\/","name":"Desayuno con Expertos - XIV Congreso Argentino de Virolog\u00eda","isPartOf":{"@id":"https:\/\/viroarg.com\/#website"},"datePublished":"2026-04-16T22:56:24+00:00","dateModified":"2026-04-18T13:09:14+00:00","breadcrumb":{"@id":"https:\/\/viroarg.com\/desayuno-con-expertos\/#breadcrumb"},"inLanguage":"en-GB","potentialAction":[{"@type":"ReadAction","target":["https:\/\/viroarg.com\/desayuno-con-expertos\/"]}]},{"@type":"BreadcrumbList","@id":"https:\/\/viroarg.com\/desayuno-con-expertos\/#breadcrumb","itemListElement":[{"@type":"ListItem","position":1,"name":"Inicio","item":"https:\/\/viroarg.com\/"},{"@type":"ListItem","position":2,"name":"Desayuno con Expertos"}]},{"@type":"WebSite","@id":"https:\/\/viroarg.com\/#website","url":"https:\/\/viroarg.com\/","name":"XIV Argentine Congress of Virology","description":"Virology for the future: Science, Technology and Health","potentialAction":[{"@type":"SearchAction","target":{"@type":"EntryPoint","urlTemplate":"https:\/\/viroarg.com\/?s={search_term_string}"},"query-input":{"@type":"PropertyValueSpecification","valueRequired":true,"valueName":"search_term_string"}}],"inLanguage":"en-GB"}]}},"_links":{"self":[{"href":"https:\/\/viroarg.com\/en\/wp-json\/wp\/v2\/pages\/2400","targetHints":{"allow":["GET"]}}],"collection":[{"href":"https:\/\/viroarg.com\/en\/wp-json\/wp\/v2\/pages"}],"about":[{"href":"https:\/\/viroarg.com\/en\/wp-json\/wp\/v2\/types\/page"}],"author":[{"embeddable":true,"href":"https:\/\/viroarg.com\/en\/wp-json\/wp\/v2\/users\/1"}],"replies":[{"embeddable":true,"href":"https:\/\/viroarg.com\/en\/wp-json\/wp\/v2\/comments?post=2400"}],"version-history":[{"count":3,"href":"https:\/\/viroarg.com\/en\/wp-json\/wp\/v2\/pages\/2400\/revisions"}],"predecessor-version":[{"id":2524,"href":"https:\/\/viroarg.com\/en\/wp-json\/wp\/v2\/pages\/2400\/revisions\/2524"}],"wp:attachment":[{"href":"https:\/\/viroarg.com\/en\/wp-json\/wp\/v2\/media?parent=2400"}],"wp:term":[{"taxonomy":"dipi_cpt_category","embeddable":true,"href":"https:\/\/viroarg.com\/en\/wp-json\/wp\/v2\/dipi_cpt_category?post=2400"}],"curies":[{"name":"wp","href":"https:\/\/api.w.org\/{rel}","templated":true}]}}