{"id":2387,"date":"2026-04-16T19:43:03","date_gmt":"2026-04-16T22:43:03","guid":{"rendered":"https:\/\/viroarg.com\/?page_id=2387"},"modified":"2026-04-18T10:07:23","modified_gmt":"2026-04-18T13:07:23","slug":"concurso-fotografico","status":"publish","type":"page","link":"https:\/\/viroarg.com\/en\/concurso-fotografico\/","title":{"rendered":"Photo Contest"},"content":{"rendered":"<div class=\"et_pb_section_0 et_pb_section et_section_regular et_flex_section\"><\/div>\n\n<div class=\"et_pb_section_1 et_pb_section et_section_regular et_flex_section\">\n<div class=\"et_pb_row_0 et_pb_row et_flex_row\">\n<div class=\"et_pb_column_0 et_pb_column et_flex_column et_pb_column_empty et_pb_css_mix_blend_mode_passthrough et_flex_column_4_24 et_flex_column_1_7_tablet et_flex_column_24_24_phone et_flex_column_24_24_phoneWide et_flex_column_6_24_tabletWide\"><\/div>\n\n<div class=\"et_pb_column_1 et_pb_column et-last-child et_flex_column et_pb_css_mix_blend_mode_passthrough et_flex_column_16_24 et_flex_column_24_24_phone et_flex_column_24_24_phoneWide et_flex_column_18_24_tabletWide leadWhite\">\n<div class=\"et_pb_divider_0 et_pb_divider et_pb_space et_pb_divider_position_center et_pb_module preset--module--divi-divider--default\"><div class=\"et_pb_divider_internal\"><\/div><\/div>\n\n<div class=\"et_pb_heading_0 et_pb_heading et_pb_module et_flex_module preset--module--divi-heading--pem1ap7pgh\"><div class=\"et_pb_heading_container\"><h1 class=\"et_pb_module_header\">Photo Contest<\/h1><\/div><\/div>\n\n<div class=\"et_pb_row_1 et_pb_row et_pb_row_nested et_flex_row\">\n<div class=\"et_pb_column_2 et_pb_column et-last-child et_flex_column et_pb_css_mix_blend_mode_passthrough et_flex_column_24_24 et_flex_column_24_24_tablet et_flex_column_24_24_phoneWide et_flex_column_24_24_tabletWide\">\n<div class=\"et_pb_group_0 et_pb_group et-last-child et_pb_module et_flex_group et_pb_css_mix_blend_mode_passthrough\">\n<div class=\"et_pb_icon_0 et_pb_icon et_pb_module et_flex_module\"><span class=\"et_pb_icon_wrap\"><span class=\"et-pb-icon\">\uf073<\/span><\/span><\/div>\n\n<div class=\"et_pb_text_0 et_pb_text et_pb_bg_layout_light et_pb_module et_flex_module preset--module--divi-text--zk8a6fejzp\"><div class=\"et_pb_text_inner\"><p><strong>Opening:<\/strong> 16 de\u00a0 abril \/ <strong>Close:<\/strong> 8 de mayo<\/p>\n<\/div><\/div>\n<\/div>\n<\/div>\n<\/div>\n<\/div>\n<\/div>\n<\/div>\n\n<div class=\"et_pb_section_2 et_pb_section et_section_regular et_flex_section\">\n<div class=\"et_pb_row_2 et_pb_row et_flex_row\">\n<div class=\"et_pb_column_3 et_pb_column et_flex_column et_pb_column_empty et_pb_css_mix_blend_mode_passthrough et_flex_column_4_24 et_flex_column_1_7_tablet et_flex_column_24_24_phone et_flex_column_24_24_phoneWide et_flex_column_6_24_tabletWide\"><\/div>\n\n<div class=\"et_pb_column_4 et_pb_column et-last-child et_flex_column et_pb_css_mix_blend_mode_passthrough et_flex_column_16_24 et_flex_column_24_24_phone et_flex_column_24_24_phoneWide et_flex_column_18_24_tabletWide leadWhite\">\n<div class=\"et_pb_row_3 et_pb_row et_pb_row_nested et_flex_row\">\n<div class=\"et_pb_column_5 et_pb_column et_flex_column et_pb_css_mix_blend_mode_passthrough et_flex_column_12_24 et_flex_column_12_24_tablet et_flex_column_24_24_phone et_flex_column_12_24_phoneWide et_flex_column_12_24_tabletWide\">\n<div class=\"et_pb_text_1 et_pb_text et_pb_bg_layout_dark et_pb_module et_flex_module preset--module--divi-text--default\"><div class=\"et_pb_text_inner\"><h3>En el marco del XIV Congreso Argentino de Virolog\u00eda, se convoca al <b>concurso fotogr\u00e1fico <\/b>con el fin de fomentar la divulgaci\u00f3n y comunicaci\u00f3n visual de la virolog\u00eda, promoviendo la creatividad, la calidad est\u00e9tica y el rigor cient\u00edfico de im\u00e1genes obtenidas en contextos de investigaci\u00f3n, diagn\u00f3stico, docencia, actividades relacionadas con virus y enfermedades virales, o actividades relacionadas a actividades cient\u00edficas en general para fortalecer el intercambio entre ciencia, arte y sociedad.<\/h3>\n<\/div><\/div>\n<\/div>\n\n<div class=\"et_pb_column_6 et_pb_column et-last-child et_flex_column et_pb_css_mix_blend_mode_passthrough et_flex_column_8_24 et_flex_column_12_24_tablet et_flex_column_24_24_phone et_flex_column_12_24_phoneWide et_flex_column_12_24_tabletWide\">\n<div class=\"et_pb_row_4 et_pb_row et_pb_row_nested et_flex_row et_flex_column_24_24 et_flex_column_24_24_tablet et_flex_column_24_24_phone et_flex_column_24_24_phoneWide et_flex_column_24_24_tabletWide\">\n<div class=\"et_pb_column_7 et_pb_column et-last-child et_flex_column et_pb_css_mix_blend_mode_passthrough et_flex_column_24_24 et_flex_column_24_24_tablet et_flex_column_24_24_phone et_flex_column_24_24_phoneWide et_flex_column_24_24_tabletWide\">\n<div class=\"et_pb_text_2 et_pb_text et_pb_bg_layout_dark et_pb_module et_flex_module preset--module--divi-text--a0fytscndq\"><div class=\"et_pb_text_inner\"><p>Esta actividad es posible gracias al apoyo de<\/p>\n<\/div><\/div>\n\n<div class=\"et_pb_group_1 et_pb_group et-last-child et_pb_module et_flex_group et_pb_css_mix_blend_mode_passthrough\">\n<div class=\"et_pb_image_0 et_pb_image et_pb_module et_flex_module\"><span class=\"et_pb_image_wrap\"><img decoding=\"async\" src=\"https:\/\/viroarg.com\/wp-content\/uploads\/2026\/04\/Miglac-logo2.png\" title=\"Miglac-logo2\" width=\"400\" height=\"400\" srcset=\"https:\/\/viroarg.com\/wp-content\/uploads\/2026\/04\/Miglac-logo2.png 400w, https:\/\/viroarg.com\/wp-content\/uploads\/2026\/04\/Miglac-logo2-300x300.png 300w, https:\/\/viroarg.com\/wp-content\/uploads\/2026\/04\/Miglac-logo2-150x150.png 150w, https:\/\/viroarg.com\/wp-content\/uploads\/2026\/04\/Miglac-logo2-12x12.png 12w\" sizes=\"(max-width: 400px) 100vw, 400px\" class=\"wp-image-2390\" \/><\/span><\/div>\n\n<div class=\"et_pb_image_1 et_pb_image et_pb_module et_flex_module\"><span class=\"et_pb_image_wrap\"><img decoding=\"async\" src=\"https:\/\/viroarg.com\/wp-content\/uploads\/2026\/04\/BioLabs-logo2.png\" title=\"BioLabs-logo2\" width=\"400\" height=\"400\" srcset=\"https:\/\/viroarg.com\/wp-content\/uploads\/2026\/04\/BioLabs-logo2.png 400w, https:\/\/viroarg.com\/wp-content\/uploads\/2026\/04\/BioLabs-logo2-300x300.png 300w, https:\/\/viroarg.com\/wp-content\/uploads\/2026\/04\/BioLabs-logo2-150x150.png 150w, https:\/\/viroarg.com\/wp-content\/uploads\/2026\/04\/BioLabs-logo2-12x12.png 12w\" sizes=\"(max-width: 400px) 100vw, 400px\" class=\"wp-image-2391\" \/><\/span><\/div>\n<\/div>\n<\/div>\n<\/div>\n<\/div>\n<\/div>\n\n<div class=\"et_pb_row_5 et_pb_row et_pb_row_nested et_flex_row\">\n<div class=\"et_pb_column_8 et_pb_column et-last-child et_flex_column et_pb_css_mix_blend_mode_passthrough et_flex_column_8_24 et_flex_column_12_24_tablet et_flex_column_24_24_phone et_flex_column_12_24_phoneWide et_flex_column_12_24_tabletWide\">\n<div class=\"et_pb_text_3 et_pb_text et_pb_bg_layout_dark et_pb_module et_flex_module preset--module--divi-text--default\"><div class=\"et_pb_text_inner\"><p>Para m\u00e1s informaci\u00f3n descargue a continuaci\u00f3n las bases y condiciones del concurso.<\/p>\n<\/div><\/div>\n\n<div class=\"et_pb_module et_pb_button_module_wrapper et_pb_button_0_wrapper preset--module--divi-button--t1a3os15th_wrapper\"><a class=\"et_pb_button_0 et_pb_button et_pb_bg_layout_light et_pb_module et_flex_module preset--module--divi-button--t1a3os15th\" href=\"https:\/\/viroarg.com\/wp-content\/uploads\/2026\/04\/05.20260416.1500.CAV2026-ReglamentoFotografia.pdf\" target=\"_blank\">Bases del concurso<\/a><\/div>\n<\/div>\n<\/div>\n\n<div class=\"et_pb_row_6 et_pb_row et_pb_row_nested et_flex_row\">\n<div class=\"et_pb_column_9 et_pb_column et-last-child et_flex_column et_pb_css_mix_blend_mode_passthrough et_flex_column_8_24 et_flex_column_12_24_tablet et_flex_column_24_24_phone et_flex_column_12_24_phoneWide et_flex_column_12_24_tabletWide\">\n<div class=\"et_pb_text_4 et_pb_text et_pb_bg_layout_dark et_pb_module et_flex_module preset--module--divi-text--default\"><div class=\"et_pb_text_inner\"><p>Inscr\u00edbase al concurso fotogr\u00e1fico a trav\u00e9s del siguiente bot\u00f3n<\/p>\n<\/div><\/div>\n\n<div class=\"et_pb_module et_pb_button_module_wrapper et_pb_button_1_wrapper preset--module--divi-button--t1a3os15th_wrapper\"><a class=\"et_pb_button_1 et_pb_button et_pb_bg_layout_light et_pb_module et_flex_module preset--module--divi-button--t1a3os15th\" href=\"https:\/\/forms.gle\/57FmM4hX64nAssGM7\" target=\"_blank\">Inscripci\u00f3n a concurso<\/a><\/div>\n<\/div>\n<\/div>\n\n<div class=\"et_pb_row_7 et_pb_row et_pb_row_nested et_flex_row\">\n<div class=\"et_pb_column_10 et_pb_column et-last-child et_flex_column et_pb_css_mix_blend_mode_passthrough et_flex_column_8_24 et_flex_column_24_24_phone et_flex_column_12_24_phoneWide et_flex_column_12_24_tabletWide\">\n<div class=\"et_pb_group_2 et_pb_group et_pb_module et_flex_group et_pb_css_mix_blend_mode_passthrough\">\n<div class=\"et_pb_icon_1 et_pb_icon et_pb_module et_flex_module\"><span class=\"et_pb_icon_wrap\"><span class=\"et-pb-icon\">\uf05a<\/span><\/span><\/div>\n\n<div class=\"et_pb_text_5 et_pb_text et_pb_bg_layout_light et_pb_module et_flex_module preset--module--divi-text--otkjwehlv6\"><div class=\"et_pb_text_inner\"><p>M\u00e1s informaci\u00f3n<\/p>\n<\/div><\/div>\n<\/div>\n\n<div class=\"et_pb_text_6 et_pb_text et_pb_bg_layout_dark et_pb_module et_flex_module preset--module--divi-text--default\"><div class=\"et_pb_text_inner\"><p>Para informaci\u00f3n adicional o consultas espec\u00edficas complete su consulta\u00a0 desde el formulario en la secci\u00f3n de <a href=\"\/en\/contacto\/\">contacto<\/a>.<\/p>\n<\/div><\/div>\n<\/div>\n<\/div>\n<\/div>\n<\/div>\n<\/div>","protected":false},"excerpt":{"rendered":"","protected":false},"author":1,"featured_media":0,"parent":0,"menu_order":0,"comment_status":"closed","ping_status":"closed","template":"","meta":{"_acf_changed":false,"footnotes":""},"dipi_cpt_category":[],"class_list":["post-2387","page","type-page","status-publish","hentry"],"acf":[],"yoast_head":"<!-- This site is optimized with the Yoast SEO Premium plugin v25.6 (Yoast SEO v27.4) - https:\/\/yoast.com\/product\/yoast-seo-premium-wordpress\/ -->\n<title>Concurso Fotogr\u00e1fico - XIV Congreso Argentino de Virolog\u00eda<\/title>\n<meta name=\"robots\" content=\"index, follow, max-snippet:-1, max-image-preview:large, max-video-preview:-1\" \/>\n<link rel=\"canonical\" href=\"https:\/\/viroarg.com\/en\/concurso-fotografico\/\" \/>\n<meta property=\"og:locale\" content=\"en_GB\" \/>\n<meta property=\"og:type\" content=\"article\" \/>\n<meta property=\"og:title\" content=\"Concurso Fotogr\u00e1fico\" \/>\n<meta property=\"og:url\" content=\"https:\/\/viroarg.com\/en\/concurso-fotografico\/\" \/>\n<meta property=\"og:site_name\" content=\"XIV Congreso Argentino de Virolog\u00eda\" \/>\n<meta property=\"article:modified_time\" content=\"2026-04-18T13:07:23+00:00\" \/>\n<meta name=\"twitter:card\" content=\"summary_large_image\" \/>\n<script type=\"application\/ld+json\" class=\"yoast-schema-graph\">{\"@context\":\"https:\\\/\\\/schema.org\",\"@graph\":[{\"@type\":\"WebPage\",\"@id\":\"https:\\\/\\\/viroarg.com\\\/concurso-fotografico\\\/\",\"url\":\"https:\\\/\\\/viroarg.com\\\/concurso-fotografico\\\/\",\"name\":\"Concurso Fotogr\u00e1fico - XIV Congreso Argentino de Virolog\u00eda\",\"isPartOf\":{\"@id\":\"https:\\\/\\\/viroarg.com\\\/#website\"},\"datePublished\":\"2026-04-16T22:43:03+00:00\",\"dateModified\":\"2026-04-18T13:07:23+00:00\",\"breadcrumb\":{\"@id\":\"https:\\\/\\\/viroarg.com\\\/concurso-fotografico\\\/#breadcrumb\"},\"inLanguage\":\"en-GB\",\"potentialAction\":[{\"@type\":\"ReadAction\",\"target\":[\"https:\\\/\\\/viroarg.com\\\/concurso-fotografico\\\/\"]}]},{\"@type\":\"BreadcrumbList\",\"@id\":\"https:\\\/\\\/viroarg.com\\\/concurso-fotografico\\\/#breadcrumb\",\"itemListElement\":[{\"@type\":\"ListItem\",\"position\":1,\"name\":\"Inicio\",\"item\":\"https:\\\/\\\/viroarg.com\\\/\"},{\"@type\":\"ListItem\",\"position\":2,\"name\":\"Concurso Fotogr\u00e1fico\"}]},{\"@type\":\"WebSite\",\"@id\":\"https:\\\/\\\/viroarg.com\\\/#website\",\"url\":\"https:\\\/\\\/viroarg.com\\\/\",\"name\":\"XIV Congreso Argentino de Virolog\u00eda\",\"description\":\"Virolog\u00eda para el futuro: Ciencia, Tecnolog\u00eda y Salud\",\"potentialAction\":[{\"@type\":\"SearchAction\",\"target\":{\"@type\":\"EntryPoint\",\"urlTemplate\":\"https:\\\/\\\/viroarg.com\\\/?s={search_term_string}\"},\"query-input\":{\"@type\":\"PropertyValueSpecification\",\"valueRequired\":true,\"valueName\":\"search_term_string\"}}],\"inLanguage\":\"en-GB\"}]}<\/script>\n<!-- \/ Yoast SEO Premium plugin. -->","yoast_head_json":{"title":"Concurso Fotogr\u00e1fico - XIV Congreso Argentino de Virolog\u00eda","robots":{"index":"index","follow":"follow","max-snippet":"max-snippet:-1","max-image-preview":"max-image-preview:large","max-video-preview":"max-video-preview:-1"},"canonical":"https:\/\/viroarg.com\/en\/concurso-fotografico\/","og_locale":"en_GB","og_type":"article","og_title":"Concurso Fotogr\u00e1fico","og_url":"https:\/\/viroarg.com\/en\/concurso-fotografico\/","og_site_name":"XIV Congreso Argentino de Virolog\u00eda","article_modified_time":"2026-04-18T13:07:23+00:00","twitter_card":"summary_large_image","schema":{"@context":"https:\/\/schema.org","@graph":[{"@type":"WebPage","@id":"https:\/\/viroarg.com\/concurso-fotografico\/","url":"https:\/\/viroarg.com\/concurso-fotografico\/","name":"Concurso Fotogr\u00e1fico - XIV Congreso Argentino de Virolog\u00eda","isPartOf":{"@id":"https:\/\/viroarg.com\/#website"},"datePublished":"2026-04-16T22:43:03+00:00","dateModified":"2026-04-18T13:07:23+00:00","breadcrumb":{"@id":"https:\/\/viroarg.com\/concurso-fotografico\/#breadcrumb"},"inLanguage":"en-GB","potentialAction":[{"@type":"ReadAction","target":["https:\/\/viroarg.com\/concurso-fotografico\/"]}]},{"@type":"BreadcrumbList","@id":"https:\/\/viroarg.com\/concurso-fotografico\/#breadcrumb","itemListElement":[{"@type":"ListItem","position":1,"name":"Inicio","item":"https:\/\/viroarg.com\/"},{"@type":"ListItem","position":2,"name":"Concurso Fotogr\u00e1fico"}]},{"@type":"WebSite","@id":"https:\/\/viroarg.com\/#website","url":"https:\/\/viroarg.com\/","name":"XIV Argentine Congress of Virology","description":"Virology for the future: Science, Technology and Health","potentialAction":[{"@type":"SearchAction","target":{"@type":"EntryPoint","urlTemplate":"https:\/\/viroarg.com\/?s={search_term_string}"},"query-input":{"@type":"PropertyValueSpecification","valueRequired":true,"valueName":"search_term_string"}}],"inLanguage":"en-GB"}]}},"_links":{"self":[{"href":"https:\/\/viroarg.com\/en\/wp-json\/wp\/v2\/pages\/2387","targetHints":{"allow":["GET"]}}],"collection":[{"href":"https:\/\/viroarg.com\/en\/wp-json\/wp\/v2\/pages"}],"about":[{"href":"https:\/\/viroarg.com\/en\/wp-json\/wp\/v2\/types\/page"}],"author":[{"embeddable":true,"href":"https:\/\/viroarg.com\/en\/wp-json\/wp\/v2\/users\/1"}],"replies":[{"embeddable":true,"href":"https:\/\/viroarg.com\/en\/wp-json\/wp\/v2\/comments?post=2387"}],"version-history":[{"count":6,"href":"https:\/\/viroarg.com\/en\/wp-json\/wp\/v2\/pages\/2387\/revisions"}],"predecessor-version":[{"id":2522,"href":"https:\/\/viroarg.com\/en\/wp-json\/wp\/v2\/pages\/2387\/revisions\/2522"}],"wp:attachment":[{"href":"https:\/\/viroarg.com\/en\/wp-json\/wp\/v2\/media?parent=2387"}],"wp:term":[{"taxonomy":"dipi_cpt_category","embeddable":true,"href":"https:\/\/viroarg.com\/en\/wp-json\/wp\/v2\/dipi_cpt_category?post=2387"}],"curies":[{"name":"wp","href":"https:\/\/api.w.org\/{rel}","templated":true}]}}