{"id":2264,"date":"2026-03-27T22:58:03","date_gmt":"2026-03-28T01:58:03","guid":{"rendered":"https:\/\/viroarg.com\/?page_id=2264"},"modified":"2026-04-08T18:57:51","modified_gmt":"2026-04-08T21:57:51","slug":"awards","status":"publish","type":"page","link":"https:\/\/viroarg.com\/en\/awards\/","title":{"rendered":"CAV2026 \"Dr. Mariano P\u00e9rez Filgueira\u201d Award"},"content":{"rendered":"<div class=\"et_pb_section_0 et_pb_section et_section_regular et_flex_section\"><\/div>\n\n<div class=\"et_pb_section_1 et_pb_section et_section_regular et_flex_section\">\n<div class=\"et_pb_row_0 et_pb_row et_flex_row\">\n<div class=\"et_pb_column_0 et_pb_column et_flex_column et_pb_column_empty et_pb_css_mix_blend_mode_passthrough et_flex_column_4_24 et_flex_column_1_7_tablet et_flex_column_24_24_phone et_flex_column_24_24_phoneWide et_flex_column_6_24_tabletWide\"><\/div>\n\n<div class=\"et_pb_column_1 et_pb_column et-last-child et_flex_column et_pb_css_mix_blend_mode_passthrough et_flex_column_16_24 et_flex_column_24_24_phone et_flex_column_24_24_phoneWide et_flex_column_18_24_tabletWide leadWhite\">\n<div class=\"et_pb_divider_0 et_pb_divider et_pb_space et_pb_divider_position_center et_pb_divider_position_top_phone et_pb_module preset--module--divi-divider--default\"><div class=\"et_pb_divider_internal\"><\/div><\/div>\n\n<div class=\"et_pb_heading_0 et_pb_heading et_pb_module et_flex_module preset--module--divi-heading--pem1ap7pgh\"><div class=\"et_pb_heading_container\"><h1 class=\"et_pb_module_header\">Premio CAV2026 \u201cDr. Mariano P\u00e9rez Filgueira\u201d<\/h1><\/div><\/div>\n\n<div class=\"et_pb_text_0 et_pb_text et_pb_bg_layout_dark et_pb_module et_flex_module preset--module--divi-text--uizf4809x6\"><div class=\"et_pb_text_inner\"><p>La Comisi\u00f3n Organizadora del XIV Congreso Argentino de Virolog\u00eda (CAV 2026) otorgar\u00e1 un primer premio y una menci\u00f3n a los mejores trabajos cient\u00edficos que se postulen al concurso. Los postulantes deber\u00e1n optar por un \u00e1rea al momento de la presentaci\u00f3n.<\/p>\n<\/div><\/div>\n<\/div>\n<\/div>\n<\/div>\n\n<div class=\"et_pb_section_2 et_pb_section et_section_regular et_flex_section\">\n<div class=\"et_pb_row_1 et_pb_row et_flex_row\">\n<div class=\"et_pb_column_2 et_pb_column et_flex_column et_pb_column_empty et_pb_css_mix_blend_mode_passthrough et_flex_column_4_24 et_flex_column_1_7_tablet et_flex_column_24_24_phone et_flex_column_24_24_phoneWide et_flex_column_6_24_tabletWide\"><\/div>\n\n<div class=\"et_pb_column_3 et_pb_column et-last-child et_flex_column et_pb_css_mix_blend_mode_passthrough et_flex_column_16_24 et_flex_column_24_24_phone et_flex_column_24_24_phoneWide et_flex_column_18_24_tabletWide leadWhite\">\n<div class=\"et_pb_row_2 et_pb_row et_pb_row_nested et_flex_row\">\n<div class=\"et_pb_column_4 et_pb_column et-last-child et_flex_column et_pb_css_mix_blend_mode_passthrough et_flex_column_8_24 et_flex_column_12_24_tablet et_flex_column_24_24_phone et_flex_column_24_24_phoneWide et_flex_column_12_24_tabletWide\">\n<div class=\"et_pb_group_0 et_pb_group et_pb_module et_flex_group et_pb_css_mix_blend_mode_passthrough\">\n<div class=\"et_pb_divider_1 et_pb_divider et_pb_space et_pb_divider_position_center et_pb_module preset--module--divi-divider--default\"><div class=\"et_pb_divider_internal\"><\/div><\/div>\n\n<div class=\"et_pb_heading_1 et_pb_heading et_pb_module et_flex_module preset--module--divi-heading--hw9k4pvb9s\"><div class=\"et_pb_heading_container\"><h3 class=\"et_pb_module_header\">Reglamento para el Otorgamiento al Premio CAV 2026 \u201cDr. Mariano P\u00e9rez Filgueira\u201d<\/h3><\/div><\/div>\n<\/div>\n\n<div class=\"et_pb_group_1 et_pb_group et-last-child et_pb_module et_flex_group et_pb_css_mix_blend_mode_passthrough\">\n<div class=\"et_pb_text_1 et_pb_text et_pb_bg_layout_dark et_pb_module et_flex_module preset--module--divi-text--default\"><div class=\"et_pb_text_inner\"><p>La evaluaci\u00f3n estar\u00e1 a cargo de un jurado designado por <strong>la Comisi\u00f3n Organizadora del CAV 2026<\/strong>, el cual se compone por profesionales con una amplia trayectoria en la virolog\u00eda.<\/p>\n<p><strong>Los trabajos deber\u00e1n enviarse exclusivamente desde el siguiente bot\u00f3n.<\/strong><\/p>\n<\/div><\/div>\n\n<div class=\"et_pb_text_2 et_pb_text et_pb_bg_layout_dark et_pb_module et_flex_module preset--module--divi-text--default preset--module--divi-text--a0fytscndq\"><div class=\"et_pb_text_inner\"><p>(se abrir\u00e1 un formulario online en una pesta\u00f1a aparte).<\/p>\n<\/div><\/div>\n\n<div class=\"et_pb_row_3 et_pb_row et_pb_row_nested et_flex_row\">\n<div class=\"et_pb_column_5 et_pb_column et-last-child et_flex_column et_pb_css_mix_blend_mode_passthrough et_clickable et_flex_column_24_24 et_flex_column_24_24_tablet et_flex_column_24_24_phone et_flex_column_24_24_phoneWide et_flex_column_24_24_tabletWide\">\n<div class=\"et_pb_heading_2 et_pb_heading et_pb_module et_flex_module preset--module--divi-heading--28hvvr19x7\"><div class=\"et_pb_heading_container\"><h4 class=\"et_pb_module_header\">El Registro de env\u00edo de trabajos se encuentra cerrado<\/h4><\/div><\/div>\n\n<div class=\"et_pb_module et_pb_button_module_wrapper et_pb_button_0_wrapper preset--module--divi-button--2p8dmjxdly_wrapper\"><a class=\"et_pb_button_0 et_pb_button et_pb_bg_layout_light et_pb_module et_flex_module preset--module--divi-button--2p8dmjxdly\" href=\"#\">remitir a concurso<\/a><\/div>\n<\/div>\n<\/div>\n\n<div class=\"et_pb_row_4 et_pb_row et_pb_row_nested et_flex_row\">\n<div class=\"et_pb_column_6 et_pb_column et-last-child et_flex_column et_pb_css_mix_blend_mode_passthrough et_flex_column_8_24 et_flex_column_24_24_phone et_flex_column_12_24_phoneWide et_flex_column_12_24_tabletWide\">\n<div class=\"et_pb_group_2 et_pb_group et_pb_module et_flex_group et_pb_css_mix_blend_mode_passthrough\">\n<div class=\"et_pb_icon_0 et_pb_icon et_pb_module et_flex_module\"><span class=\"et_pb_icon_wrap\"><span class=\"et-pb-icon\">\uf059<\/span><\/span><\/div>\n\n<div class=\"et_pb_text_3 et_pb_text et_pb_bg_layout_light et_pb_module et_flex_module preset--module--divi-text--otkjwehlv6\"><div class=\"et_pb_text_inner\"><p>Dudas y\/o consutlas sobre Premios CAV2026<\/p>\n<\/div><\/div>\n<\/div>\n\n<div class=\"wpforms_divi_form_selector_0 wpforms_divi_form_selector et_pb_module\"><div class=\"et_pb_module_inner\"><style id=\"wpforms-css-vars-2266\">\n\t\t\t\t#wpforms-2266 {\n\t\t\t\t--wpforms-field-size-input-height: 43px;\n--wpforms-field-size-input-spacing: 15px;\n--wpforms-field-size-font-size: 16px;\n--wpforms-field-size-line-height: 19px;\n--wpforms-field-size-padding-h: 14px;\n--wpforms-field-size-checkbox-size: 16px;\n--wpforms-field-size-sublabel-spacing: 5px;\n--wpforms-field-size-icon-size: 1;\n--wpforms-label-size-font-size: 16px;\n--wpforms-label-size-line-height: 19px;\n--wpforms-label-size-sublabel-font-size: 14px;\n--wpforms-label-size-sublabel-line-height: 17px;\n--wpforms-button-size-font-size: 17px;\n--wpforms-button-size-height: 41px;\n--wpforms-button-size-padding-h: 15px;\n--wpforms-button-size-margin-top: 10px;\n--wpforms-container-shadow-size-box-shadow: none;\n\t\t\t}\n\t\t\t<\/style><div class=\"wpforms-container wpforms-container-full wpforms-render-modern\" id=\"wpforms-2266\"><form id=\"wpforms-form-2266\" class=\"wpforms-validate wpforms-form wpforms-ajax-form\" data-formid=\"2266\" method=\"post\" enctype=\"multipart\/form-data\" action=\"\/en\/wp-json\/wp\/v2\/pages\/2264\" data-token=\"3763446962dbc9e10051c63179122aab\" data-token-time=\"1776848579\"><noscript class=\"wpforms-error-noscript\">Please enable JavaScript in your browser to complete this form.<\/noscript><div id=\"wpforms-error-noscript\" style=\"display: none;\">Please enable JavaScript in your browser to complete this form.<\/div><div class=\"wpforms-field-container\"><div id=\"wpforms-2266-field_1-container\" class=\"wpforms-field wpforms-field-name\" data-field-id=\"1\"><fieldset><legend class=\"wpforms-field-label\">Datos Personales <span class=\"wpforms-required-label\" aria-hidden=\"true\">*<\/span><\/legend><div class=\"wpforms-field-row wpforms-field-medium\"><div class=\"wpforms-field-row-block wpforms-first wpforms-one-half\"><input type=\"text\" id=\"wpforms-2266-field_1\" class=\"wpforms-field-name-first wpforms-field-required\" name=\"wpforms[fields][1][first]\" placeholder=\"Nombre\" aria-errormessage=\"wpforms-2266-field_1-error\" required><label for=\"wpforms-2266-field_1\" class=\"wpforms-field-sublabel after wpforms-sublabel-hide\">First<\/label><\/div><div class=\"wpforms-field-row-block wpforms-one-half\"><input type=\"text\" id=\"wpforms-2266-field_1-last\" class=\"wpforms-field-name-last wpforms-field-required\" name=\"wpforms[fields][1][last]\" placeholder=\"Apellido\" aria-errormessage=\"wpforms-2266-field_1-last-error\" required><label for=\"wpforms-2266-field_1-last\" class=\"wpforms-field-sublabel after wpforms-sublabel-hide\">Last<\/label><\/div><\/div><\/fieldset><\/div>\t\t<div id=\"wpforms-2266-field_5-container\"\n\t\t\tclass=\"wpforms-field wpforms-field-text\"\n\t\t\tdata-field-type=\"text\"\n\t\t\tdata-field-id=\"5\"\n\t\t\t>\n\t\t\t<label class=\"wpforms-field-label\" for=\"wpforms-2266-field_5\" >Datos Personales de<\/label>\n\t\t\t<input type=\"text\" id=\"wpforms-2266-field_5\" class=\"wpforms-field-medium\" name=\"wpforms[fields][5]\" >\n\t\t<\/div>\n\t\t<div id=\"wpforms-2266-field_2-container\" class=\"wpforms-field wpforms-field-email\" data-field-id=\"2\"><label class=\"wpforms-field-label\" for=\"wpforms-2266-field_2\">Email <span class=\"wpforms-required-label\" aria-hidden=\"true\">*<\/span><\/label><input type=\"email\" id=\"wpforms-2266-field_2\" class=\"wpforms-field-medium wpforms-field-required\" name=\"wpforms[fields][2]\" spellcheck=\"false\" aria-errormessage=\"wpforms-2266-field_2-error\" required><\/div><div id=\"wpforms-2266-field_3-container\" class=\"wpforms-field wpforms-field-textarea\" data-field-id=\"3\"><label class=\"wpforms-field-label\" for=\"wpforms-2266-field_3\">Motivo de su consulta <span class=\"wpforms-required-label\" aria-hidden=\"true\">*<\/span><\/label><textarea id=\"wpforms-2266-field_3\" class=\"wpforms-field-medium wpforms-field-required\" name=\"wpforms[fields][3]\" aria-errormessage=\"wpforms-2266-field_3-error\" required><\/textarea><\/div><div id=\"wpforms-2266-field_4-container\" class=\"wpforms-field wpforms-field-gdpr-checkbox\" data-field-id=\"4\"><label class=\"wpforms-field-label\">Consentimiento RGPD (Reglamento General de Protecci\u00f3n de Datos) <span class=\"wpforms-required-label\" aria-hidden=\"true\">*<\/span><\/label><ul id=\"wpforms-2266-field_4\" class=\"wpforms-field-required\"><li class=\"choice-1\"><input type=\"checkbox\" id=\"wpforms-2266-field_4_1\" name=\"wpforms[fields][4][]\" value=\"Doy mi consentimiento para que el sitio web del XIV Congreso Argentino de Virolog\u00eda pueda almacenar la informaci\u00f3n de los campos solicitados en \u00e9ste mensaje para que los organizadores puedan responder a mi consulta, entendiendo que la solicitud de dichos datos, ser\u00e1n de uso exclusivo utilizados dentro el contexto y para los fines del desarrollo del evento.\" aria-errormessage=\"wpforms-2266-field_4_1-error\" aria-describedby=\"wpforms-2266-field_4-description\" required ><label class=\"wpforms-field-label-inline\" for=\"wpforms-2266-field_4_1\">Doy mi consentimiento para que el sitio web del XIV Congreso Argentino de Virolog\u00eda pueda almacenar la informaci\u00f3n de los campos solicitados en \u00e9ste mensaje para que los organizadores puedan responder a mi consulta, entendiendo que la solicitud de dichos datos, ser\u00e1n de uso exclusivo utilizados dentro el contexto y para los fines del desarrollo del evento.<\/label><\/li><\/ul><div id=\"wpforms-2266-field_4-description\" class=\"wpforms-field-description\"><div style=\"font-size:11px;color:#777;margin-top:10px;line-height:1.3;\">\n<strong>Responsable:<\/strong>Sociedad Argentina de Virolog\u00eda (SAV).\n<strong>Finalidad:<\/strong> Consultas generales respecto de premios CAV2026.<br \/>\n<strong>Derechos:<\/strong> \nAcceso, rectificaci\u00f3n y supresi\u00f3n enviando un mail a\n<a href=\"#\" class=\"correo-protegido\">\n  Contactar a cient\u00edfica\n<\/a>\n<\/div><\/div><\/div><script>\n\t\t\t\t( function() {\n\t\t\t\t\tconst style = document.createElement( 'style' );\n\t\t\t\t\tstyle.appendChild( document.createTextNode( '#wpforms-2266-field_5-container { position: absolute !important; overflow: hidden !important; display: inline !important; height: 1px !important; width: 1px !important; z-index: -1000 !important; padding: 0 !important; } #wpforms-2266-field_5-container input { visibility: hidden; } #wpforms-conversational-form-page #wpforms-2266-field_5-container label { counter-increment: none; }' ) );\n\t\t\t\t\tdocument.head.appendChild( style );\n\t\t\t\t\tdocument.currentScript?.remove();\n\t\t\t\t} )();\n\t\t\t<\/script><\/div><!-- .wpforms-field-container --><div class=\"wpforms-recaptcha-container wpforms-is-recaptcha wpforms-is-recaptcha-type-v3\" ><input type=\"hidden\" name=\"wpforms[recaptcha]\" value=\"\"><\/div><div class=\"wpforms-submit-container\" ><input type=\"hidden\" name=\"wpforms[id]\" value=\"2266\"><input type=\"hidden\" name=\"page_title\" value=\"\"><input type=\"hidden\" name=\"page_url\" value=\"https:\/\/viroarg.com\/en\/wp-json\/wp\/v2\/pages\/2264\"><input type=\"hidden\" name=\"url_referer\" value=\"\"><button type=\"submit\" name=\"wpforms[submit]\" id=\"wpforms-submit-2266\" class=\"wpforms-submit\" data-alt-text=\"Enviando...\" data-submit-text=\"Enviar\" aria-live=\"assertive\" value=\"wpforms-submit\">Enviar<\/button><img decoding=\"async\" src=\"https:\/\/viroarg.com\/wp-content\/plugins\/wpforms\/assets\/images\/submit-spin.svg\" class=\"wpforms-submit-spinner\" style=\"display: none;\" width=\"26\" height=\"26\" alt=\"Loading\"><\/div><\/form><\/div>  <!-- .wpforms-container --><\/div><\/div>\n<\/div>\n<\/div>\n\n<div class=\"et_pb_module et_pb_button_module_wrapper et_pb_button_1_wrapper preset--module--divi-button--t1a3os15th_wrapper\"><a class=\"et_pb_button_1 et_pb_button et_pb_bg_layout_light et_pb_module et_flex_module preset--module--divi-button--t1a3os15th\" href=\"https:\/\/viroarg.com\/wp-content\/uploads\/2026\/03\/03.20260320.1700.CAV2026-ReglamentoPremios.pdf\" target=\"_blank\" data-icon=\"!\">reglamento a premios<\/a><\/div>\n<\/div>\n<\/div>\n<\/div>\n<\/div>\n<\/div>\n<\/div>","protected":false},"excerpt":{"rendered":"","protected":false},"author":1,"featured_media":0,"parent":0,"menu_order":0,"comment_status":"closed","ping_status":"closed","template":"","meta":{"_acf_changed":false,"footnotes":""},"dipi_cpt_category":[],"class_list":["post-2264","page","type-page","status-publish","hentry"],"acf":[],"yoast_head":"<!-- This site is optimized with the Yoast SEO Premium plugin v25.6 (Yoast SEO v27.4) - https:\/\/yoast.com\/product\/yoast-seo-premium-wordpress\/ -->\n<title>Premio CAV2026 \u201cDr. Mariano P\u00e9rez Filgueira\u201d - XIV Congreso Argentino de Virolog\u00eda<\/title>\n<meta name=\"robots\" content=\"index, follow, max-snippet:-1, max-image-preview:large, max-video-preview:-1\" \/>\n<link rel=\"canonical\" href=\"https:\/\/viroarg.com\/en\/awards\/\" \/>\n<meta property=\"og:locale\" content=\"en_GB\" \/>\n<meta property=\"og:type\" content=\"article\" \/>\n<meta property=\"og:title\" content=\"Premio CAV2026 \u201cDr. Mariano P\u00e9rez Filgueira\u201d\" \/>\n<meta property=\"og:url\" content=\"https:\/\/viroarg.com\/en\/awards\/\" \/>\n<meta property=\"og:site_name\" content=\"XIV Congreso Argentino de Virolog\u00eda\" \/>\n<meta property=\"article:modified_time\" content=\"2026-04-08T21:57:51+00:00\" \/>\n<meta name=\"twitter:card\" content=\"summary_large_image\" \/>\n<script type=\"application\/ld+json\" class=\"yoast-schema-graph\">{\"@context\":\"https:\\\/\\\/schema.org\",\"@graph\":[{\"@type\":\"WebPage\",\"@id\":\"https:\\\/\\\/viroarg.com\\\/premios\\\/\",\"url\":\"https:\\\/\\\/viroarg.com\\\/premios\\\/\",\"name\":\"Premio CAV2026 \u201cDr. Mariano P\u00e9rez Filgueira\u201d - XIV Congreso Argentino de Virolog\u00eda\",\"isPartOf\":{\"@id\":\"https:\\\/\\\/viroarg.com\\\/#website\"},\"datePublished\":\"2026-03-28T01:58:03+00:00\",\"dateModified\":\"2026-04-08T21:57:51+00:00\",\"breadcrumb\":{\"@id\":\"https:\\\/\\\/viroarg.com\\\/premios\\\/#breadcrumb\"},\"inLanguage\":\"en-GB\",\"potentialAction\":[{\"@type\":\"ReadAction\",\"target\":[\"https:\\\/\\\/viroarg.com\\\/premios\\\/\"]}]},{\"@type\":\"BreadcrumbList\",\"@id\":\"https:\\\/\\\/viroarg.com\\\/premios\\\/#breadcrumb\",\"itemListElement\":[{\"@type\":\"ListItem\",\"position\":1,\"name\":\"Inicio\",\"item\":\"https:\\\/\\\/viroarg.com\\\/\"},{\"@type\":\"ListItem\",\"position\":2,\"name\":\"Premio CAV2026 \u201cDr. Mariano P\u00e9rez Filgueira\u201d\"}]},{\"@type\":\"WebSite\",\"@id\":\"https:\\\/\\\/viroarg.com\\\/#website\",\"url\":\"https:\\\/\\\/viroarg.com\\\/\",\"name\":\"XIV Congreso Argentino de Virolog\u00eda\",\"description\":\"Virolog\u00eda para el futuro: Ciencia, Tecnolog\u00eda y Salud\",\"potentialAction\":[{\"@type\":\"SearchAction\",\"target\":{\"@type\":\"EntryPoint\",\"urlTemplate\":\"https:\\\/\\\/viroarg.com\\\/?s={search_term_string}\"},\"query-input\":{\"@type\":\"PropertyValueSpecification\",\"valueRequired\":true,\"valueName\":\"search_term_string\"}}],\"inLanguage\":\"en-GB\"}]}<\/script>\n<!-- \/ Yoast SEO Premium plugin. -->","yoast_head_json":{"title":"Premio CAV2026 \u201cDr. Mariano P\u00e9rez Filgueira\u201d - XIV Congreso Argentino de Virolog\u00eda","robots":{"index":"index","follow":"follow","max-snippet":"max-snippet:-1","max-image-preview":"max-image-preview:large","max-video-preview":"max-video-preview:-1"},"canonical":"https:\/\/viroarg.com\/en\/awards\/","og_locale":"en_GB","og_type":"article","og_title":"Premio CAV2026 \u201cDr. Mariano P\u00e9rez Filgueira\u201d","og_url":"https:\/\/viroarg.com\/en\/awards\/","og_site_name":"XIV Congreso Argentino de Virolog\u00eda","article_modified_time":"2026-04-08T21:57:51+00:00","twitter_card":"summary_large_image","schema":{"@context":"https:\/\/schema.org","@graph":[{"@type":"WebPage","@id":"https:\/\/viroarg.com\/premios\/","url":"https:\/\/viroarg.com\/premios\/","name":"Premio CAV2026 \u201cDr. Mariano P\u00e9rez Filgueira\u201d - XIV Congreso Argentino de Virolog\u00eda","isPartOf":{"@id":"https:\/\/viroarg.com\/#website"},"datePublished":"2026-03-28T01:58:03+00:00","dateModified":"2026-04-08T21:57:51+00:00","breadcrumb":{"@id":"https:\/\/viroarg.com\/premios\/#breadcrumb"},"inLanguage":"en-GB","potentialAction":[{"@type":"ReadAction","target":["https:\/\/viroarg.com\/premios\/"]}]},{"@type":"BreadcrumbList","@id":"https:\/\/viroarg.com\/premios\/#breadcrumb","itemListElement":[{"@type":"ListItem","position":1,"name":"Inicio","item":"https:\/\/viroarg.com\/"},{"@type":"ListItem","position":2,"name":"Premio CAV2026 \u201cDr. Mariano P\u00e9rez Filgueira\u201d"}]},{"@type":"WebSite","@id":"https:\/\/viroarg.com\/#website","url":"https:\/\/viroarg.com\/","name":"XIV Argentine Congress of Virology","description":"Virology for the future: Science, Technology and Health","potentialAction":[{"@type":"SearchAction","target":{"@type":"EntryPoint","urlTemplate":"https:\/\/viroarg.com\/?s={search_term_string}"},"query-input":{"@type":"PropertyValueSpecification","valueRequired":true,"valueName":"search_term_string"}}],"inLanguage":"en-GB"}]}},"_links":{"self":[{"href":"https:\/\/viroarg.com\/en\/wp-json\/wp\/v2\/pages\/2264","targetHints":{"allow":["GET"]}}],"collection":[{"href":"https:\/\/viroarg.com\/en\/wp-json\/wp\/v2\/pages"}],"about":[{"href":"https:\/\/viroarg.com\/en\/wp-json\/wp\/v2\/types\/page"}],"author":[{"embeddable":true,"href":"https:\/\/viroarg.com\/en\/wp-json\/wp\/v2\/users\/1"}],"replies":[{"embeddable":true,"href":"https:\/\/viroarg.com\/en\/wp-json\/wp\/v2\/comments?post=2264"}],"version-history":[{"count":11,"href":"https:\/\/viroarg.com\/en\/wp-json\/wp\/v2\/pages\/2264\/revisions"}],"predecessor-version":[{"id":2311,"href":"https:\/\/viroarg.com\/en\/wp-json\/wp\/v2\/pages\/2264\/revisions\/2311"}],"wp:attachment":[{"href":"https:\/\/viroarg.com\/en\/wp-json\/wp\/v2\/media?parent=2264"}],"wp:term":[{"taxonomy":"dipi_cpt_category","embeddable":true,"href":"https:\/\/viroarg.com\/en\/wp-json\/wp\/v2\/dipi_cpt_category?post=2264"}],"curies":[{"name":"wp","href":"https:\/\/api.w.org\/{rel}","templated":true}]}}