{"id":2154,"date":"2026-03-13T18:33:28","date_gmt":"2026-03-13T21:33:28","guid":{"rendered":"https:\/\/viroarg.com\/?page_id=2154"},"modified":"2026-03-13T18:33:41","modified_gmt":"2026-03-13T21:33:41","slug":"form-test","status":"publish","type":"page","link":"https:\/\/viroarg.com\/en\/form-test\/","title":{"rendered":"Form Test"},"content":{"rendered":"<div class=\"et_pb_section_0 et_pb_section et_section_regular et_flex_section\"><\/div>\n\n<div class=\"et_pb_section_1 et_pb_section et_section_regular et_flex_section\">\n<div class=\"et_pb_row_0 et_pb_row et_flex_row\">\n<div class=\"et_pb_column_0 et_pb_column et_flex_column et_pb_column_empty et_pb_css_mix_blend_mode_passthrough et_flex_column_4_24 et_flex_column_1_7_tablet et_flex_column_24_24_phone et_flex_column_24_24_phoneWide et_flex_column_6_24_tabletWide\"><\/div>\n\n<div class=\"et_pb_column_1 et_pb_column et-last-child et_flex_column et_pb_css_mix_blend_mode_passthrough et_flex_column_16_24 et_flex_column_24_24_phone et_flex_column_24_24_phoneWide et_flex_column_18_24_tabletWide leadWhite\">\n<div class=\"et_pb_row_1 et_pb_row et_pb_row_nested et_flex_row\">\n<div class=\"et_pb_column_2 et_pb_column et-last-child et_flex_column et_pb_css_mix_blend_mode_passthrough et_flex_column_8_24 et_flex_column_12_24_tablet et_flex_column_24_24_phone et_flex_column_12_24_phoneWide et_flex_column_12_24_tabletWide\">\n<div class=\"et_pb_group_0 et_pb_group et_pb_module et_flex_group et_pb_css_mix_blend_mode_passthrough\">\n<div class=\"et_pb_divider_0 et_pb_divider et_pb_space et_pb_divider_position_center et_pb_module preset--module--divi-divider--default\"><div class=\"et_pb_divider_internal\"><\/div><\/div>\n\n<div class=\"et_pb_heading_0 et_pb_heading et_pb_module et_flex_module preset--module--divi-heading--hw9k4pvb9s\"><div class=\"et_pb_heading_container\"><h3 class=\"et_pb_module_header\">FormTest<\/h3><\/div><\/div>\n\n<div class=\"wpforms_divi_form_selector_0 wpforms_divi_form_selector et_pb_module\"><div class=\"et_pb_module_inner\"><style id=\"wpforms-css-vars-2146\">\n\t\t\t\t#wpforms-2146 {\n\t\t\t\t--wpforms-field-size-input-height: 43px;\n--wpforms-field-size-input-spacing: 15px;\n--wpforms-field-size-font-size: 16px;\n--wpforms-field-size-line-height: 19px;\n--wpforms-field-size-padding-h: 14px;\n--wpforms-field-size-checkbox-size: 16px;\n--wpforms-field-size-sublabel-spacing: 5px;\n--wpforms-field-size-icon-size: 1;\n--wpforms-label-size-font-size: 16px;\n--wpforms-label-size-line-height: 19px;\n--wpforms-label-size-sublabel-font-size: 14px;\n--wpforms-label-size-sublabel-line-height: 17px;\n--wpforms-button-size-font-size: 17px;\n--wpforms-button-size-height: 41px;\n--wpforms-button-size-padding-h: 15px;\n--wpforms-button-size-margin-top: 10px;\n--wpforms-container-shadow-size-box-shadow: none;\n\t\t\t}\n\t\t\t<\/style><div class=\"wpforms-container wpforms-container-full wpforms-render-modern\" id=\"wpforms-2146\"><form id=\"wpforms-form-2146\" class=\"wpforms-validate wpforms-form wpforms-ajax-form\" data-formid=\"2146\" method=\"post\" enctype=\"multipart\/form-data\" action=\"\/en\/wp-json\/wp\/v2\/pages\/2154\" data-token=\"b8d36d31c3910ce88959f5b1214fe23d\" data-token-time=\"1778142369\"><noscript class=\"wpforms-error-noscript\">Please enable JavaScript in your browser to complete this form.<\/noscript><div id=\"wpforms-error-noscript\" style=\"display: none;\">Please enable JavaScript in your browser to complete this form.<\/div><div class=\"wpforms-field-container\">\t\t<div id=\"wpforms-2146-field_5-container\"\n\t\t\tclass=\"wpforms-field wpforms-field-text\"\n\t\t\tdata-field-type=\"text\"\n\t\t\tdata-field-id=\"5\"\n\t\t\t>\n\t\t\t<label class=\"wpforms-field-label\" for=\"wpforms-2146-field_5\" >Protecci\u00f3n y de<\/label>\n\t\t\t<input type=\"text\" id=\"wpforms-2146-field_5\" class=\"wpforms-field-medium\" name=\"wpforms[fields][5]\" >\n\t\t<\/div>\n\t\t<div id=\"wpforms-2146-field_1-container\" class=\"wpforms-field wpforms-field-name\" data-field-id=\"1\"><fieldset><legend class=\"wpforms-field-label\">Nombre y apellido <span class=\"wpforms-required-label\" aria-hidden=\"true\">*<\/span><\/legend><div class=\"wpforms-field-row wpforms-field-medium\"><div class=\"wpforms-field-row-block wpforms-first wpforms-one-half\"><input type=\"text\" id=\"wpforms-2146-field_1\" class=\"wpforms-field-name-first wpforms-field-required\" name=\"wpforms[fields][1][first]\" placeholder=\"Nombre\" aria-errormessage=\"wpforms-2146-field_1-error\" required><label for=\"wpforms-2146-field_1\" class=\"wpforms-field-sublabel after wpforms-sublabel-hide\">First<\/label><\/div><div class=\"wpforms-field-row-block wpforms-one-half\"><input type=\"text\" id=\"wpforms-2146-field_1-last\" class=\"wpforms-field-name-last wpforms-field-required\" name=\"wpforms[fields][1][last]\" placeholder=\"Apellido\" aria-errormessage=\"wpforms-2146-field_1-last-error\" required><label for=\"wpforms-2146-field_1-last\" class=\"wpforms-field-sublabel after wpforms-sublabel-hide\">Last<\/label><\/div><\/div><\/fieldset><\/div><div id=\"wpforms-2146-field_2-container\" class=\"wpforms-field wpforms-field-email\" data-field-id=\"2\"><label class=\"wpforms-field-label\" for=\"wpforms-2146-field_2\">Email <span class=\"wpforms-required-label\" aria-hidden=\"true\">*<\/span><\/label><input type=\"email\" id=\"wpforms-2146-field_2\" class=\"wpforms-field-medium wpforms-field-required\" name=\"wpforms[fields][2]\" spellcheck=\"false\" aria-errormessage=\"wpforms-2146-field_2-error\" required><\/div><div id=\"wpforms-2146-field_3-container\" class=\"wpforms-field wpforms-field-textarea\" data-field-id=\"3\"><label class=\"wpforms-field-label\" for=\"wpforms-2146-field_3\">Comentario opcional<\/label><textarea id=\"wpforms-2146-field_3\" class=\"wpforms-field-medium\" name=\"wpforms[fields][3]\" aria-errormessage=\"wpforms-2146-field_3-error\" ><\/textarea><\/div><div id=\"wpforms-2146-field_4-container\" class=\"wpforms-field wpforms-field-gdpr-checkbox\" data-field-id=\"4\"><label class=\"wpforms-field-label\">Consentimiento RGPD (Reglamento General de Protecci\u00f3n de Datos) <span class=\"wpforms-required-label\" aria-hidden=\"true\">*<\/span><\/label><ul id=\"wpforms-2146-field_4\" class=\"wpforms-field-required\"><li class=\"choice-1\"><input type=\"checkbox\" id=\"wpforms-2146-field_4_1\" name=\"wpforms[fields][4][]\" value=\"Doy mi consentimiento para que este sitio web almacene la informaci\u00f3n enviada para que puedan responder a mi consulta.\" aria-errormessage=\"wpforms-2146-field_4_1-error\" aria-describedby=\"wpforms-2146-field_4-description\" required ><label class=\"wpforms-field-label-inline\" for=\"wpforms-2146-field_4_1\">Doy mi consentimiento para que este sitio web almacene la informaci\u00f3n enviada para que puedan responder a mi consulta.<\/label><\/li><\/ul><div id=\"wpforms-2146-field_4-description\" class=\"wpforms-field-description\"><div style=\"font-size:11px;color:#777;margin-top:10px;line-height:1.3;\">\n<strong>Responsable:<\/strong> Asociaci\u00f3n Argentina de Microbiolog\u00eda (AAM). \/ \n<strong>Finalidad:<\/strong> Gesti\u00f3n de consultas y facturaci\u00f3n para el CAV2026.<br \/>\n<strong>Derechos:<\/strong> \nDerechos: Acceso, rectificaci\u00f3n y supresi\u00f3n enviando un mail a <a href=\"#\" class=\"mail-facturacion\">hacer clic para ver correo<\/a>.\n<\/div><\/div><\/div><script>\n\t\t\t\t( function() {\n\t\t\t\t\tconst style = document.createElement( 'style' );\n\t\t\t\t\tstyle.appendChild( document.createTextNode( '#wpforms-2146-field_5-container { position: absolute !important; overflow: hidden !important; display: inline !important; height: 1px !important; width: 1px !important; z-index: -1000 !important; padding: 0 !important; } #wpforms-2146-field_5-container input { visibility: hidden; } #wpforms-conversational-form-page #wpforms-2146-field_5-container label { counter-increment: none; }' ) );\n\t\t\t\t\tdocument.head.appendChild( style );\n\t\t\t\t\tdocument.currentScript?.remove();\n\t\t\t\t} )();\n\t\t\t<\/script><\/div><!-- .wpforms-field-container --><div class=\"wpforms-recaptcha-container wpforms-is-recaptcha wpforms-is-recaptcha-type-v3\" ><input type=\"hidden\" name=\"wpforms[recaptcha]\" value=\"\"><\/div><div class=\"wpforms-submit-container\" ><input type=\"hidden\" name=\"wpforms[id]\" value=\"2146\"><input type=\"hidden\" name=\"page_title\" value=\"\"><input type=\"hidden\" name=\"page_url\" value=\"https:\/\/viroarg.com\/en\/wp-json\/wp\/v2\/pages\/2154\"><input type=\"hidden\" name=\"url_referer\" value=\"\"><button type=\"submit\" name=\"wpforms[submit]\" id=\"wpforms-submit-2146\" class=\"wpforms-submit\" data-alt-text=\"Enviando...\" data-submit-text=\"Enviar\" aria-live=\"assertive\" value=\"wpforms-submit\">Enviar<\/button><img decoding=\"async\" src=\"https:\/\/viroarg.com\/wp-content\/plugins\/wpforms\/assets\/images\/submit-spin.svg\" class=\"wpforms-submit-spinner\" style=\"display: none;\" width=\"26\" height=\"26\" alt=\"Loading\"><\/div><\/form><\/div>  <!-- .wpforms-container --><\/div><\/div>\n<\/div>\n\n<div class=\"et_pb_group_1 et_pb_group et-last-child et_pb_module et_flex_group et_pb_css_mix_blend_mode_passthrough\">\n<div class=\"et_pb_text_0 et_pb_text et_pb_bg_layout_dark et_pb_module et_flex_module preset--module--divi-text--default\"><div class=\"et_pb_text_inner\"><p>Los trabajos a presentar deber\u00e1n ser in\u00e9ditos y no haber sido aceptados para su publicaci\u00f3n, ni publicados en revistas cient\u00edficas de car\u00e1cter nacional o extranjera. Se aceptar\u00e1 la presentaci\u00f3n de series de casos cl\u00ednicos con un m\u00ednimo de 3 casos. Tambi\u00e9n, podr\u00e1n enviarse trabajos que hayan sido presentados en la <strong>XLV REUNI\u00d3N CIENT\u00cdFICA ANUAL DE LA SOCIEDAD ARGENTINA DE VIROLOG\u00cdA 2025.<\/strong><\/p>\n<p>Los res\u00famenes deber\u00e1n ser enviados \u00fanicamente a trav\u00e9s de la plataforma on line que se habilitar\u00e1 a partir del<strong> 9 de diciembre de 2025.<\/strong> La fecha l\u00edmite para la recepci\u00f3n de los trabajos en dicha plataforma es el d\u00eda <strong>13 de marzo de 2026 hasta las 23:59 h.<\/strong><\/p>\n<p>Podr\u00e1 indicar su preferencia sobre la modalidad de presentaci\u00f3n (p\u00f3ster o comunicaci\u00f3n oral), aunque \u00e9sta ser\u00e1 definida por la comisi\u00f3n organizadora luego de la revisi\u00f3n de los trabajos.<\/p>\n<p>Los res\u00famenes deben presentarse en castellano, exceptuando aquellos trabajos cuyas personas autoras sean de nacionalidad extranjera de habla no hispana, en cuyo caso deben presentarse en ingl\u00e9s.<\/p>\n<p>Durante la carga del resumen debe elegirse un \u201c\u00c1rea tem\u00e1tica principal\u201d y un \u201c\u00c1rea espec\u00edfica\u201d acorde al trabajo que se env\u00eda.<\/p>\n<p>Todos los res\u00famenes aceptados ser\u00e1n publicados en un libro de res\u00famenes digital, con n\u00famero de registro (ISBN), que se encontrar\u00e1 disponible oportunamente en la p\u00e1gina web del congreso.<\/p>\n<p>El n\u00famero de trabajos a presentar durante el evento ser\u00e1 limitado. Por ese motivo, se sugiere no fraccionar los resultados de una misma l\u00ednea experimental en varias presentaciones. <strong>Cada persona podr\u00e1 presentar hasta 1 (un) resumen en calidad de primera autor\u00eda;<\/strong> sin embargo, podr\u00e1 participar en coautor\u00edas de otros trabajos.<\/p>\n<p>Cada resumen de trabajo podr\u00e1 tener hasta 8 (ocho) autor\u00edas. La persona en la primera posici\u00f3n tendr\u00e1 la autor\u00eda de correspondencia, y deber\u00e1 abonar el costo de la inscripci\u00f3n cuando su resumen haya sido aceptado.<\/p>\n<p>El Congreso comunicar\u00e1 oportunamente su pol\u00edtica de becas de inscripci\u00f3n y reglamentos vinculados.<\/p>\n<p><strong>Para m\u00e1s informaci\u00f3n descargue \u201clas bases y condiciones para la presentaci\u00f3n de res\u00famenes\u201d<\/strong><\/p>\n<\/div><\/div>\n\n<div class=\"et_pb_module et_pb_button_module_wrapper et_pb_button_0_wrapper preset--module--divi-button--t1a3os15th_wrapper\"><a class=\"et_pb_button_0 et_pb_button et_pb_bg_layout_light et_pb_module et_flex_module preset--module--divi-button--t1a3os15th\" href=\"https:\/\/viroarg.com\/wp-content\/uploads\/2026\/03\/02.20260311.1300.CAV2026-NormasResumenes.pdf\" target=\"_blank\" data-icon=\"!\">bases y condiciones<\/a><\/div>\n\n<div class=\"et_pb_module et_pb_button_module_wrapper et_pb_button_1_wrapper preset--module--divi-button--t1a3os15th_wrapper\"><a class=\"et_pb_button_1 et_pb_button et_pb_bg_layout_light et_pb_module et_flex_module preset--module--divi-button--t1a3os15th\" href=\"https:\/\/www5.shocklogic.com\/scripts\/jmevent\/Abstract.asp?Client_Id=%27KINGCONF%27&#038;Project_Id=%27CV2%27&#038;System_Id=1\" target=\"_blank\" data-icon=\"!\">registro y carga de trabajos libres<\/a><\/div>\n<\/div>\n<\/div>\n<\/div>\n<\/div>\n<\/div>\n<\/div>","protected":false},"excerpt":{"rendered":"","protected":false},"author":1,"featured_media":0,"parent":0,"menu_order":4,"comment_status":"closed","ping_status":"closed","template":"","meta":{"_acf_changed":false,"footnotes":""},"dipi_cpt_category":[],"class_list":["post-2154","page","type-page","status-publish","hentry"],"acf":[],"yoast_head":"<!-- This site is optimized with the Yoast SEO Premium plugin v25.6 (Yoast SEO v27.5) - https:\/\/yoast.com\/product\/yoast-seo-premium-wordpress\/ -->\n<title>Form Test - XIV Congreso Argentino de Virolog\u00eda<\/title>\n<meta name=\"robots\" content=\"index, follow, max-snippet:-1, max-image-preview:large, max-video-preview:-1\" \/>\n<link rel=\"canonical\" href=\"https:\/\/viroarg.com\/en\/form-test\/\" \/>\n<meta property=\"og:locale\" content=\"en_GB\" \/>\n<meta property=\"og:type\" content=\"article\" \/>\n<meta property=\"og:title\" content=\"Form Test\" \/>\n<meta property=\"og:url\" content=\"https:\/\/viroarg.com\/en\/form-test\/\" \/>\n<meta property=\"og:site_name\" content=\"XIV Congreso Argentino de Virolog\u00eda\" \/>\n<meta property=\"article:modified_time\" content=\"2026-03-13T21:33:41+00:00\" \/>\n<meta name=\"twitter:card\" content=\"summary_large_image\" \/>\n<script type=\"application\/ld+json\" class=\"yoast-schema-graph\">{\"@context\":\"https:\\\/\\\/schema.org\",\"@graph\":[{\"@type\":\"WebPage\",\"@id\":\"https:\\\/\\\/viroarg.com\\\/form-test\\\/\",\"url\":\"https:\\\/\\\/viroarg.com\\\/form-test\\\/\",\"name\":\"Form Test - XIV Congreso Argentino de Virolog\u00eda\",\"isPartOf\":{\"@id\":\"https:\\\/\\\/viroarg.com\\\/#website\"},\"datePublished\":\"2026-03-13T21:33:28+00:00\",\"dateModified\":\"2026-03-13T21:33:41+00:00\",\"breadcrumb\":{\"@id\":\"https:\\\/\\\/viroarg.com\\\/form-test\\\/#breadcrumb\"},\"inLanguage\":\"en-GB\",\"potentialAction\":[{\"@type\":\"ReadAction\",\"target\":[\"https:\\\/\\\/viroarg.com\\\/form-test\\\/\"]}]},{\"@type\":\"BreadcrumbList\",\"@id\":\"https:\\\/\\\/viroarg.com\\\/form-test\\\/#breadcrumb\",\"itemListElement\":[{\"@type\":\"ListItem\",\"position\":1,\"name\":\"Inicio\",\"item\":\"https:\\\/\\\/viroarg.com\\\/\"},{\"@type\":\"ListItem\",\"position\":2,\"name\":\"Form Test\"}]},{\"@type\":\"WebSite\",\"@id\":\"https:\\\/\\\/viroarg.com\\\/#website\",\"url\":\"https:\\\/\\\/viroarg.com\\\/\",\"name\":\"XIV Congreso Argentino de Virolog\u00eda\",\"description\":\"Virolog\u00eda para el futuro: Ciencia, Tecnolog\u00eda y Salud\",\"potentialAction\":[{\"@type\":\"SearchAction\",\"target\":{\"@type\":\"EntryPoint\",\"urlTemplate\":\"https:\\\/\\\/viroarg.com\\\/?s={search_term_string}\"},\"query-input\":{\"@type\":\"PropertyValueSpecification\",\"valueRequired\":true,\"valueName\":\"search_term_string\"}}],\"inLanguage\":\"en-GB\"}]}<\/script>\n<!-- \/ Yoast SEO Premium plugin. -->","yoast_head_json":{"title":"Form Test - XIV Congreso Argentino de Virolog\u00eda","robots":{"index":"index","follow":"follow","max-snippet":"max-snippet:-1","max-image-preview":"max-image-preview:large","max-video-preview":"max-video-preview:-1"},"canonical":"https:\/\/viroarg.com\/en\/form-test\/","og_locale":"en_GB","og_type":"article","og_title":"Form Test","og_url":"https:\/\/viroarg.com\/en\/form-test\/","og_site_name":"XIV Congreso Argentino de Virolog\u00eda","article_modified_time":"2026-03-13T21:33:41+00:00","twitter_card":"summary_large_image","schema":{"@context":"https:\/\/schema.org","@graph":[{"@type":"WebPage","@id":"https:\/\/viroarg.com\/form-test\/","url":"https:\/\/viroarg.com\/form-test\/","name":"Form Test - XIV Congreso Argentino de Virolog\u00eda","isPartOf":{"@id":"https:\/\/viroarg.com\/#website"},"datePublished":"2026-03-13T21:33:28+00:00","dateModified":"2026-03-13T21:33:41+00:00","breadcrumb":{"@id":"https:\/\/viroarg.com\/form-test\/#breadcrumb"},"inLanguage":"en-GB","potentialAction":[{"@type":"ReadAction","target":["https:\/\/viroarg.com\/form-test\/"]}]},{"@type":"BreadcrumbList","@id":"https:\/\/viroarg.com\/form-test\/#breadcrumb","itemListElement":[{"@type":"ListItem","position":1,"name":"Inicio","item":"https:\/\/viroarg.com\/"},{"@type":"ListItem","position":2,"name":"Form Test"}]},{"@type":"WebSite","@id":"https:\/\/viroarg.com\/#website","url":"https:\/\/viroarg.com\/","name":"XIV Argentine Congress of Virology","description":"Virology for the future: Science, Technology and Health","potentialAction":[{"@type":"SearchAction","target":{"@type":"EntryPoint","urlTemplate":"https:\/\/viroarg.com\/?s={search_term_string}"},"query-input":{"@type":"PropertyValueSpecification","valueRequired":true,"valueName":"search_term_string"}}],"inLanguage":"en-GB"}]}},"_links":{"self":[{"href":"https:\/\/viroarg.com\/en\/wp-json\/wp\/v2\/pages\/2154","targetHints":{"allow":["GET"]}}],"collection":[{"href":"https:\/\/viroarg.com\/en\/wp-json\/wp\/v2\/pages"}],"about":[{"href":"https:\/\/viroarg.com\/en\/wp-json\/wp\/v2\/types\/page"}],"author":[{"embeddable":true,"href":"https:\/\/viroarg.com\/en\/wp-json\/wp\/v2\/users\/1"}],"replies":[{"embeddable":true,"href":"https:\/\/viroarg.com\/en\/wp-json\/wp\/v2\/comments?post=2154"}],"version-history":[{"count":2,"href":"https:\/\/viroarg.com\/en\/wp-json\/wp\/v2\/pages\/2154\/revisions"}],"predecessor-version":[{"id":2157,"href":"https:\/\/viroarg.com\/en\/wp-json\/wp\/v2\/pages\/2154\/revisions\/2157"}],"wp:attachment":[{"href":"https:\/\/viroarg.com\/en\/wp-json\/wp\/v2\/media?parent=2154"}],"wp:term":[{"taxonomy":"dipi_cpt_category","embeddable":true,"href":"https:\/\/viroarg.com\/en\/wp-json\/wp\/v2\/dipi_cpt_category?post=2154"}],"curies":[{"name":"wp","href":"https:\/\/api.w.org\/{rel}","templated":true}]}}