{"id":21,"date":"2026-01-24T19:45:52","date_gmt":"2026-01-24T19:45:52","guid":{"rendered":"https:\/\/viroarg.com\/?page_id=21"},"modified":"2026-04-20T15:35:40","modified_gmt":"2026-04-20T18:35:40","slug":"fees-and-registration","status":"publish","type":"page","link":"https:\/\/viroarg.com\/en\/fees-and-registration\/","title":{"rendered":"Fees and Registration"},"content":{"rendered":"<div class=\"et_pb_section_0 et_pb_section et_section_regular et_flex_section\"><\/div>\n\n<div class=\"et_pb_section_1 et_pb_section et_section_regular et_flex_section\">\n<div class=\"et_pb_row_0 et_pb_row et_flex_row\">\n<div class=\"et_pb_column_0 et_pb_column et_flex_column et_pb_column_empty et_pb_css_mix_blend_mode_passthrough et_flex_column_4_24 et_flex_column_1_7_tablet et_flex_column_24_24_phone et_flex_column_24_24_phoneWide et_flex_column_6_24_tabletWide\"><\/div>\n\n<div class=\"et_pb_column_1 et_pb_column et-last-child et_flex_column et_pb_css_mix_blend_mode_passthrough et_flex_column_16_24 et_flex_column_24_24_phone et_flex_column_24_24_phoneWide et_flex_column_18_24_tabletWide leadWhite\">\n<div class=\"et_pb_divider_0 et_pb_divider et_pb_space et_pb_divider_position_center et_pb_divider_position_top_phone et_pb_module preset--module--divi-divider--default\"><div class=\"et_pb_divider_internal\"><\/div><\/div>\n\n<div class=\"et_pb_heading_0 et_pb_heading et_pb_module et_flex_module preset--module--divi-heading--pem1ap7pgh\"><div class=\"et_pb_heading_container\"><h1 class=\"et_pb_module_header translation-block\">Fees &amp; Registration<\/h1><\/div><\/div>\n<\/div>\n<\/div>\n<\/div>\n\n<div class=\"et_pb_section_2 et_pb_section et_section_regular et_flex_section\">\n<div class=\"et_pb_row_1 et_pb_row et_flex_row\">\n<div class=\"et_pb_column_2 et_pb_column et_flex_column et_pb_column_empty et_pb_css_mix_blend_mode_passthrough et_flex_column_4_24 et_flex_column_1_7_tablet et_flex_column_24_24_phone et_flex_column_24_24_phoneWide et_flex_column_6_24_tabletWide\"><\/div>\n\n<div class=\"et_pb_column_3 et_pb_column et-last-child et_flex_column et_pb_css_mix_blend_mode_passthrough et_flex_column_16_24 et_flex_column_24_24_phone et_flex_column_24_24_phoneWide et_flex_column_18_24_tabletWide leadWhite\">\n<div class=\"et_pb_row_2 et_pb_row et_pb_row_nested et_flex_row\">\n<div class=\"et_pb_column_4 et_pb_column et_flex_column et_pb_css_mix_blend_mode_passthrough et_flex_column_8_24 et_flex_column_12_24_tablet et_flex_column_24_24_phone et_flex_column_12_24_phoneWide et_flex_column_12_24_tabletWide\">\n<div class=\"et_pb_group_0 et_pb_group et_pb_module et_flex_group et_pb_css_mix_blend_mode_passthrough\">\n<div class=\"et_pb_icon_0 et_pb_icon et_pb_module et_flex_module\"><span class=\"et_pb_icon_wrap\"><span class=\"et-pb-icon\">\uf3ff<\/span><\/span><\/div>\n\n<div class=\"et_pb_text_0 et_pb_text et_pb_bg_layout_light et_pb_module et_flex_module preset--module--divi-text--otkjwehlv6\"><div class=\"et_pb_text_inner\"><p>AAM Members<\/p>\n<\/div><\/div>\n<\/div>\n\n<div class=\"et_pb_group_1 et_pb_group et_pb_module et_flex_group et_pb_css_mix_blend_mode_passthrough preset--group--divi-group--divi-background--nys9nzi5l8\">\n<div class=\"et_pb_text_1 et_pb_text et_pb_bg_layout_light et_pb_module et_flex_module preset--module--divi-text--703r45l28n\"><div class=\"et_pb_text_inner\"><p>Professionals<\/p>\n<\/div><\/div>\n\n<div class=\"et_pb_text_2 et_pb_text et_pb_bg_layout_light et_pb_module et_flex_module preset--module--divi-text--703r45l28n\"><div class=\"et_pb_text_inner\"><p>$60.000<\/p>\n<\/div><\/div>\n<\/div>\n\n<div class=\"et_pb_group_2 et_pb_group et_pb_module et_flex_group et_pb_css_mix_blend_mode_passthrough preset--group--divi-group--divi-background--nys9nzi5l8\">\n<div class=\"et_pb_text_3 et_pb_text et_pb_bg_layout_light et_pb_module et_flex_module preset--module--divi-text--703r45l28n\"><div class=\"et_pb_text_inner\"><p>Graduate students<\/p>\n<\/div><\/div>\n\n<div class=\"et_pb_text_4 et_pb_text et_pb_bg_layout_light et_pb_module et_flex_module preset--module--divi-text--703r45l28n\"><div class=\"et_pb_text_inner\"><p>$30.000<\/p>\n<\/div><\/div>\n<\/div>\n\n<div class=\"et_pb_group_3 et_pb_group et_pb_module et_flex_group et_pb_css_mix_blend_mode_passthrough preset--group--divi-group--divi-background--nys9nzi5l8\">\n<div class=\"et_pb_text_5 et_pb_text et_pb_bg_layout_light et_pb_module et_flex_module preset--module--divi-text--703r45l28n\"><div class=\"et_pb_text_inner\"><p>Undergraduate students<\/p>\n<\/div><\/div>\n\n<div class=\"et_pb_text_6 et_pb_text et_pb_bg_layout_light et_pb_module et_flex_module preset--module--divi-text--703r45l28n\"><div class=\"et_pb_text_inner\"><p>Free<\/p>\n<\/div><\/div>\n<\/div>\n\n<div class=\"et_pb_group_4 et_pb_group et-last-child et_pb_module et_flex_group et_pb_css_mix_blend_mode_passthrough preset--group--divi-group--divi-background--nys9nzi5l8\">\n<div class=\"et_pb_text_7 et_pb_text et_pb_bg_layout_light et_pb_module et_flex_module preset--module--divi-text--703r45l28n\"><div class=\"et_pb_text_inner\"><p>Scholarships, Others Bursaries <sup style=\"Color:red\">(*)<\/sup><\/p>\n<\/div><\/div>\n\n<div class=\"et_pb_text_8 et_pb_text et_pb_bg_layout_light et_pb_module et_flex_module preset--module--divi-text--703r45l28n\"><div class=\"et_pb_text_inner\"><p>Free<\/p>\n<\/div><\/div>\n<\/div>\n<\/div>\n\n<div class=\"et_pb_column_5 et_pb_column et_flex_column et_pb_css_mix_blend_mode_passthrough et_flex_column_8_24 et_flex_column_12_24_tablet et_flex_column_24_24_phone et_flex_column_12_24_phoneWide et_flex_column_12_24_tabletWide\">\n<div class=\"et_pb_group_5 et_pb_group et_pb_module et_flex_group et_pb_css_mix_blend_mode_passthrough\">\n<div class=\"et_pb_icon_1 et_pb_icon et_pb_module et_flex_module\"><span class=\"et_pb_icon_wrap\"><span class=\"et-pb-icon\">\uf3ff<\/span><\/span><\/div>\n\n<div class=\"et_pb_text_9 et_pb_text et_pb_bg_layout_light et_pb_module et_flex_module preset--module--divi-text--otkjwehlv6\"><div class=\"et_pb_text_inner\"><p>AAM No Members<\/p>\n<\/div><\/div>\n<\/div>\n\n<div class=\"et_pb_group_6 et_pb_group et_pb_module et_flex_group et_pb_css_mix_blend_mode_passthrough preset--group--divi-group--divi-background--nys9nzi5l8\">\n<div class=\"et_pb_text_10 et_pb_text et_pb_bg_layout_light et_pb_module et_flex_module preset--module--divi-text--703r45l28n\"><div class=\"et_pb_text_inner\"><p>Professionals<\/p>\n<\/div><\/div>\n\n<div class=\"et_pb_text_11 et_pb_text et_pb_bg_layout_light et_pb_module et_flex_module preset--module--divi-text--703r45l28n\"><div class=\"et_pb_text_inner\"><p>$120.000<\/p>\n<\/div><\/div>\n<\/div>\n\n<div class=\"et_pb_group_7 et_pb_group et_pb_module et_flex_group et_pb_css_mix_blend_mode_passthrough preset--group--divi-group--divi-background--nys9nzi5l8\">\n<div class=\"et_pb_text_12 et_pb_text et_pb_bg_layout_light et_pb_module et_flex_module preset--module--divi-text--703r45l28n\"><div class=\"et_pb_text_inner\"><p>Graduate students<\/p>\n<\/div><\/div>\n\n<div class=\"et_pb_text_13 et_pb_text et_pb_bg_layout_light et_pb_module et_flex_module preset--module--divi-text--703r45l28n\"><div class=\"et_pb_text_inner\"><p>$60.000<\/p>\n<\/div><\/div>\n<\/div>\n\n<div class=\"et_pb_group_8 et_pb_group et_pb_module et_flex_group et_pb_css_mix_blend_mode_passthrough preset--group--divi-group--divi-background--nys9nzi5l8\">\n<div class=\"et_pb_text_14 et_pb_text et_pb_bg_layout_light et_pb_module et_flex_module preset--module--divi-text--703r45l28n\"><div class=\"et_pb_text_inner\"><p>Undergraduate students<\/p>\n<\/div><\/div>\n\n<div class=\"et_pb_text_15 et_pb_text et_pb_bg_layout_light et_pb_module et_flex_module preset--module--divi-text--703r45l28n\"><div class=\"et_pb_text_inner\"><p>Free<\/p>\n<\/div><\/div>\n<\/div>\n\n<div class=\"et_pb_group_9 et_pb_group et-last-child et_pb_module et_flex_group et_pb_css_mix_blend_mode_passthrough preset--group--divi-group--divi-background--nys9nzi5l8\">\n<div class=\"et_pb_text_16 et_pb_text et_pb_bg_layout_light et_pb_module et_flex_module preset--module--divi-text--703r45l28n\"><div class=\"et_pb_text_inner\"><p>Scholarships, Others Bursaries <sup style=\"Color:red\">(*)<\/sup><\/p>\n<\/div><\/div>\n\n<div class=\"et_pb_text_17 et_pb_text et_pb_bg_layout_light et_pb_module et_flex_module preset--module--divi-text--703r45l28n\"><div class=\"et_pb_text_inner\"><p>Free<\/p>\n<\/div><\/div>\n<\/div>\n<\/div>\n\n<div class=\"et_pb_column_6 et_pb_column et-last-child et_flex_column et_pb_css_mix_blend_mode_passthrough et_flex_column_8_24 et_flex_column_12_24_tablet et_flex_column_24_24_phone et_flex_column_12_24_phoneWide et_flex_column_12_24_tabletWide\">\n<div class=\"et_pb_group_10 et_pb_group et_pb_module et_flex_group et_pb_css_mix_blend_mode_passthrough\">\n<div class=\"et_pb_icon_2 et_pb_icon et_pb_module et_flex_module\"><span class=\"et_pb_icon_wrap\"><span class=\"et-pb-icon\">\uf3ff<\/span><\/span><\/div>\n\n<div class=\"et_pb_text_18 et_pb_text et_pb_bg_layout_light et_pb_module et_flex_module preset--module--divi-text--otkjwehlv6\"><div class=\"et_pb_text_inner\"><p>Non-resident Foreigners<\/p>\n<\/div><\/div>\n\n<div class=\"et_pb_text_19 et_pb_text et_pb_bg_layout_light et_pb_module et_flex_module preset--module--divi-text--otkjwehlv6\"><div class=\"et_pb_text_inner\"><p>Non-resident Foreigners<\/p>\n<\/div><\/div>\n<\/div>\n\n<div class=\"et_pb_group_11 et_pb_group et_pb_module et_flex_group et_pb_css_mix_blend_mode_passthrough preset--group--divi-group--divi-background--nys9nzi5l8\">\n<div class=\"et_pb_text_20 et_pb_text et_pb_bg_layout_light et_pb_module et_flex_module preset--module--divi-text--703r45l28n\"><div class=\"et_pb_text_inner\"><p>Professionals<\/p>\n<\/div><\/div>\n\n<div class=\"et_pb_text_21 et_pb_text et_pb_bg_layout_light et_pb_module et_flex_module preset--module--divi-text--703r45l28n\"><div class=\"et_pb_text_inner\"><p>USD 200<\/p>\n<\/div><\/div>\n<\/div>\n\n<div class=\"et_pb_group_12 et_pb_group et_pb_module et_flex_group et_pb_css_mix_blend_mode_passthrough preset--group--divi-group--divi-background--nys9nzi5l8\">\n<div class=\"et_pb_text_22 et_pb_text et_pb_bg_layout_light et_pb_module et_flex_module preset--module--divi-text--703r45l28n\"><div class=\"et_pb_text_inner\"><p>Graduate students<\/p>\n<\/div><\/div>\n\n<div class=\"et_pb_text_23 et_pb_text et_pb_bg_layout_light et_pb_module et_flex_module preset--module--divi-text--703r45l28n\"><div class=\"et_pb_text_inner\"><p>USD 100<\/p>\n<\/div><\/div>\n<\/div>\n\n<div class=\"et_pb_group_13 et_pb_group et-last-child et_pb_module et_flex_group et_pb_css_mix_blend_mode_passthrough preset--group--divi-group--divi-background--nys9nzi5l8\">\n<div class=\"et_pb_text_24 et_pb_text et_pb_bg_layout_light et_pb_module et_flex_module preset--module--divi-text--703r45l28n\"><div class=\"et_pb_text_inner\"><p>Undergraduate students <sup style=\"Color:red\">(*)<\/sup><\/p>\n<\/div><\/div>\n\n<div class=\"et_pb_text_25 et_pb_text et_pb_bg_layout_light et_pb_module et_flex_module preset--module--divi-text--703r45l28n\"><div class=\"et_pb_text_inner\"><p>Free<\/p>\n<\/div><\/div>\n<\/div>\n<\/div>\n<\/div>\n\n<div class=\"et_pb_row_3 et_pb_row et_pb_row_nested et_flex_row\">\n<div class=\"et_pb_column_7 et_pb_column et-last-child et_flex_column et_pb_css_mix_blend_mode_passthrough et_flex_column_24_24 et_flex_column_24_24_tablet et_flex_column_24_24_phone et_flex_column_24_24_phoneWide et_flex_column_24_24_tabletWide\">\n<div class=\"et_pb_text_26 et_pb_text et_pb_bg_layout_dark et_pb_module et_flex_module preset--module--divi-text--default\"><div class=\"et_pb_text_inner\"><p class=\"translation-block\">* Free registration quota for those indicated with an asterisk has been filled out.<\/p>\n<\/div><\/div>\n<\/div>\n<\/div>\n\n<div class=\"et_pb_row_4 et_pb_row et_pb_row_nested et_flex_row\">\n<div class=\"et_pb_column_8 et_pb_column et-last-child et_flex_column et_pb_css_mix_blend_mode_passthrough et_flex_column_24_24 et_flex_column_24_24_tablet et_flex_column_24_24_phone et_flex_column_24_24_phoneWide et_flex_column_24_24_tabletWide\">\n<div class=\"et_pb_heading_1 et_pb_heading et_pb_module et_flex_module preset--module--divi-heading--28hvvr19x7\"><div class=\"et_pb_heading_container\"><h4 class=\"et_pb_module_header\">Registration deadline: May 17th<\/h4><\/div><\/div>\n\n<div class=\"et_pb_module et_pb_button_module_wrapper et_pb_button_0_wrapper preset--module--divi-button--t1a3os15th_wrapper\"><a class=\"et_pb_button_0 et_pb_button et_pb_bg_layout_light et_pb_module et_flex_module preset--module--divi-button--t1a3os15th\" href=\"https:\/\/cursos.aam.org.ar\/inscripcion_cursos.php?e=326\" target=\"_blank\">signup<\/a><\/div>\n<\/div>\n<\/div>\n\n\n\n<div class=\"et_pb_row_6 et_pb_row et_pb_row_nested et_flex_row\">\n<div class=\"et_pb_column_10 et_pb_column et-last-child et_flex_column et_pb_css_mix_blend_mode_passthrough et_flex_column_8_24 et_flex_column_24_24_phone et_flex_column_12_24_phoneWide et_flex_column_12_24_tabletWide\">\n<div class=\"et_pb_group_15 et_pb_group et_pb_module et_flex_group et_pb_css_mix_blend_mode_passthrough\">\n<div class=\"et_pb_icon_4 et_pb_icon et_pb_module et_flex_module\"><span class=\"et_pb_icon_wrap\"><span class=\"et-pb-icon\">\uf4fc<\/span><\/span><\/div>\n\n<div class=\"et_pb_text_30 et_pb_text et_pb_bg_layout_light et_pb_module et_flex_module preset--module--divi-text--otkjwehlv6\"><div class=\"et_pb_text_inner\"><p>Agreements with AAM<\/p>\n<\/div><\/div>\n<\/div>\n\n<div class=\"et_pb_text_31 et_pb_text et_pb_bg_layout_dark et_pb_module et_flex_module preset--module--divi-text--default\"><div class=\"et_pb_text_inner\"><p>Participants who provide proof of membership in any of the Scientific Societies with which AAM has an agreement will be eligible for the<\/p>\n<\/div><\/div>\n\n<div class=\"et_pb_text_32 et_pb_text et_pb_bg_layout_dark et_pb_module et_flex_module preset--module--divi-text--default\"><div class=\"et_pb_text_inner\"><p><strong>Partner institutions with cooperation agreements with AAM:<\/strong><\/p>\n<\/div><\/div>\n\n<div class=\"et_pb_text_33 et_pb_text et_pb_bg_layout_dark et_pb_module et_flex_module preset--module--divi-text--default\"><div class=\"et_pb_text_inner\"><ul>\n<li>Asoc. Bioqu\u00edmica Argentina \u2013 ABA<\/li>\n<li>Soc. Argentina de Pediatr\u00eda \u2013 SAP<\/li>\n<li>Asoc. Arg.de Hemoterapia e Inmunohematolog\u00eda \u2013 AAHI<\/li>\n<li>Asoc. de Profesionales Microbi\u00f3logos de la Rep\u00fablica Argentina \u2013 AMPRA<\/li>\n<li>Asoc. Argentina de Tecn\u00f3logos Alimentarios \u2013 AATA<\/li>\n<li>Soc. Argentina de Infectolog\u00eda \u2013 SADI<\/li>\n<li>Soc. Argentina de Nefrolog\u00eda \u2013 SAN<\/li>\n<li>Soc. Argentina de Medicina Veterinaria \u2013 SOMEVE<\/li>\n<li>Soc. Brasilera de Microbiolog\u00eda \u2013 SBM<\/li>\n<li>Sociedad Brasilera de Virologia- SBV<\/li>\n<li>Asoc. de Bioqu\u00edmicos del Paraguay<\/li>\n<li>Soc. Paraguaya de Microbiolog\u00eda<\/li>\n<li>Soc. Uruguaya de Microbiolog\u00eda \u2013 SUM<\/li>\n<li>Soc. Chilena de Microbiolog\u00eda de los Alimentos \u2013 SOCHMA<\/li>\n<li>Asoc. Mexicana de Bioseguridad \u2013 AMEXBIO<\/li>\n<li>Associa\u00e7\u00e3o Nacional de Biosseguran\u00e7a \u2013 ANBio (Brasil)<\/li>\n<li>Asoc. Civil de Microbiolog\u00eda General \u2013 SAMIGE<\/li>\n<li>Asoc. Argentina de Zoonosis<\/li>\n<li>Soc. Argentina de Inmunolog\u00eda \u2013 SAI<\/li>\n<li>Asoc. Civil de Hidatolog\u00eda \u2013 ACH<\/li>\n<li>Soc. Argentina de Protozoolog\u00eda \u2013 SAP<\/li>\n<\/ul>\n<\/div><\/div>\n\n<div class=\"et_pb_text_34 et_pb_text et_pb_bg_layout_dark et_pb_module et_flex_module preset--module--divi-text--default\"><div class=\"et_pb_text_inner\"><p><strong>AAM is a member of<\/strong><\/p>\n<\/div><\/div>\n\n<div class=\"et_pb_text_35 et_pb_text et_pb_bg_layout_dark et_pb_module et_flex_module preset--module--divi-text--default\"><div class=\"et_pb_text_inner\"><ul>\n<li>Asociaci\u00f3n Latinoamericana de Microbiolog\u00eda \u2013<span>\u00a0<\/span><b>ALAM<\/b><\/li>\n<li>International Union of Microbiological Societies \u2013<span>\u00a0<\/span><b>IUMS<\/b><\/li>\n<li>International Federation of Biosafety Associations \u2013<span>\u00a0<\/span><b>IFBA<\/b><\/li>\n<li>International Association<\/li>\n<\/ul>\n<\/div><\/div>\n<\/div>\n<\/div>\n\n<div class=\"et_pb_row_7 et_pb_row et_pb_row_nested et_flex_row\">\n<div class=\"et_pb_column_11 et_pb_column et-last-child et_flex_column et_pb_css_mix_blend_mode_passthrough et_flex_column_8_24 et_flex_column_24_24_phone et_flex_column_12_24_phoneWide et_flex_column_12_24_tabletWide\">\n<div class=\"et_pb_text_36 et_pb_text et_pb_bg_layout_dark et_pb_module et_flex_module preset--module--divi-text--default\"><div class=\"et_pb_text_inner\"><p class=\"translation-block\"><strong>Graduate students:<\/strong> This category includes residents, fellows, and graduate students (doctoral, master's, or specialization) who have obtained their degree within the last 5 years, as well as laboratory technicians. Documentation verifying this status will be required to confirm registration in this category.<\/p>\n<p><strong>Undergraduated Students: Registration is fully waived (100% discount).<\/strong> <sup style=\"color: red;\">(*)<\/sup><\/p>\n<p class=\"translation-block\"><strong>Becas de inscripci\u00f3n:<\/strong> Graduated students who submit work as first authors will be able to apply for a scholarship. The terms and conditions will be announced soon on our website.<\/p>\n<p>Participants who have already paid the registration fee will not be entitled to a refund if they are later awarded a scholarship by the organizing committee or a sponsoring company.<\/p>\n<\/div><\/div>\n<\/div>\n<\/div>\n\n<div class=\"et_pb_row_8 et_pb_row et_pb_row_nested et_flex_row\">\n<div class=\"et_pb_column_12 et_pb_column et-last-child et_flex_column et_pb_css_mix_blend_mode_passthrough et_flex_column_8_24 et_flex_column_24_24_phone et_flex_column_12_24_phoneWide et_flex_column_12_24_tabletWide\">\n<div class=\"et_pb_text_37 et_pb_text et_pb_bg_layout_dark et_pb_module et_flex_module preset--module--divi-text--default\"><div class=\"et_pb_text_inner\"><p class=\"translation-block\">* Free registration quota for those indicated with an asterisk has been filled out.<\/p>\n<\/div><\/div>\n<\/div>\n<\/div>\n<\/div>\n<\/div>\n<\/div>","protected":false},"excerpt":{"rendered":"","protected":false},"author":1,"featured_media":0,"parent":0,"menu_order":17,"comment_status":"closed","ping_status":"closed","template":"","meta":{"_acf_changed":false,"footnotes":""},"dipi_cpt_category":[],"class_list":["post-21","page","type-page","status-publish","hentry"],"acf":[],"yoast_head":"<!-- This site is optimized with the Yoast SEO Premium plugin v25.6 (Yoast SEO v27.4) - https:\/\/yoast.com\/product\/yoast-seo-premium-wordpress\/ -->\n<title>Aranceles - XIV Congreso Argentino de Virolog\u00eda<\/title>\n<meta name=\"robots\" content=\"index, follow, max-snippet:-1, max-image-preview:large, max-video-preview:-1\" \/>\n<link rel=\"canonical\" href=\"https:\/\/viroarg.com\/en\/fees-and-registration\/\" \/>\n<meta property=\"og:locale\" content=\"en_GB\" \/>\n<meta property=\"og:type\" content=\"article\" \/>\n<meta property=\"og:title\" content=\"Aranceles\" \/>\n<meta property=\"og:url\" content=\"https:\/\/viroarg.com\/en\/fees-and-registration\/\" \/>\n<meta property=\"og:site_name\" content=\"XIV Congreso Argentino de Virolog\u00eda\" \/>\n<meta property=\"article:modified_time\" content=\"2026-04-20T18:35:40+00:00\" \/>\n<meta name=\"twitter:card\" content=\"summary_large_image\" \/>\n<script type=\"application\/ld+json\" class=\"yoast-schema-graph\">{\"@context\":\"https:\\\/\\\/schema.org\",\"@graph\":[{\"@type\":\"WebPage\",\"@id\":\"https:\\\/\\\/viroarg.com\\\/aranceles\\\/\",\"url\":\"https:\\\/\\\/viroarg.com\\\/aranceles\\\/\",\"name\":\"Aranceles - XIV Congreso Argentino de Virolog\u00eda\",\"isPartOf\":{\"@id\":\"https:\\\/\\\/viroarg.com\\\/#website\"},\"datePublished\":\"2026-01-24T19:45:52+00:00\",\"dateModified\":\"2026-04-20T18:35:40+00:00\",\"breadcrumb\":{\"@id\":\"https:\\\/\\\/viroarg.com\\\/aranceles\\\/#breadcrumb\"},\"inLanguage\":\"en-GB\",\"potentialAction\":[{\"@type\":\"ReadAction\",\"target\":[\"https:\\\/\\\/viroarg.com\\\/aranceles\\\/\"]}]},{\"@type\":\"BreadcrumbList\",\"@id\":\"https:\\\/\\\/viroarg.com\\\/aranceles\\\/#breadcrumb\",\"itemListElement\":[{\"@type\":\"ListItem\",\"position\":1,\"name\":\"Inicio\",\"item\":\"https:\\\/\\\/viroarg.com\\\/\"},{\"@type\":\"ListItem\",\"position\":2,\"name\":\"Aranceles\"}]},{\"@type\":\"WebSite\",\"@id\":\"https:\\\/\\\/viroarg.com\\\/#website\",\"url\":\"https:\\\/\\\/viroarg.com\\\/\",\"name\":\"XIV Congreso Argentino de Virolog\u00eda\",\"description\":\"Virolog\u00eda para el futuro: Ciencia, Tecnolog\u00eda y Salud\",\"potentialAction\":[{\"@type\":\"SearchAction\",\"target\":{\"@type\":\"EntryPoint\",\"urlTemplate\":\"https:\\\/\\\/viroarg.com\\\/?s={search_term_string}\"},\"query-input\":{\"@type\":\"PropertyValueSpecification\",\"valueRequired\":true,\"valueName\":\"search_term_string\"}}],\"inLanguage\":\"en-GB\"}]}<\/script>\n<!-- \/ Yoast SEO Premium plugin. -->","yoast_head_json":{"title":"Aranceles - XIV Congreso Argentino de Virolog\u00eda","robots":{"index":"index","follow":"follow","max-snippet":"max-snippet:-1","max-image-preview":"max-image-preview:large","max-video-preview":"max-video-preview:-1"},"canonical":"https:\/\/viroarg.com\/en\/fees-and-registration\/","og_locale":"en_GB","og_type":"article","og_title":"Aranceles","og_url":"https:\/\/viroarg.com\/en\/fees-and-registration\/","og_site_name":"XIV Congreso Argentino de Virolog\u00eda","article_modified_time":"2026-04-20T18:35:40+00:00","twitter_card":"summary_large_image","schema":{"@context":"https:\/\/schema.org","@graph":[{"@type":"WebPage","@id":"https:\/\/viroarg.com\/aranceles\/","url":"https:\/\/viroarg.com\/aranceles\/","name":"Aranceles - XIV Congreso Argentino de Virolog\u00eda","isPartOf":{"@id":"https:\/\/viroarg.com\/#website"},"datePublished":"2026-01-24T19:45:52+00:00","dateModified":"2026-04-20T18:35:40+00:00","breadcrumb":{"@id":"https:\/\/viroarg.com\/aranceles\/#breadcrumb"},"inLanguage":"en-GB","potentialAction":[{"@type":"ReadAction","target":["https:\/\/viroarg.com\/aranceles\/"]}]},{"@type":"BreadcrumbList","@id":"https:\/\/viroarg.com\/aranceles\/#breadcrumb","itemListElement":[{"@type":"ListItem","position":1,"name":"Inicio","item":"https:\/\/viroarg.com\/"},{"@type":"ListItem","position":2,"name":"Aranceles"}]},{"@type":"WebSite","@id":"https:\/\/viroarg.com\/#website","url":"https:\/\/viroarg.com\/","name":"XIV Argentine Congress of Virology","description":"Virology for the future: Science, Technology and Health","potentialAction":[{"@type":"SearchAction","target":{"@type":"EntryPoint","urlTemplate":"https:\/\/viroarg.com\/?s={search_term_string}"},"query-input":{"@type":"PropertyValueSpecification","valueRequired":true,"valueName":"search_term_string"}}],"inLanguage":"en-GB"}]}},"_links":{"self":[{"href":"https:\/\/viroarg.com\/en\/wp-json\/wp\/v2\/pages\/21","targetHints":{"allow":["GET"]}}],"collection":[{"href":"https:\/\/viroarg.com\/en\/wp-json\/wp\/v2\/pages"}],"about":[{"href":"https:\/\/viroarg.com\/en\/wp-json\/wp\/v2\/types\/page"}],"author":[{"embeddable":true,"href":"https:\/\/viroarg.com\/en\/wp-json\/wp\/v2\/users\/1"}],"replies":[{"embeddable":true,"href":"https:\/\/viroarg.com\/en\/wp-json\/wp\/v2\/comments?post=21"}],"version-history":[{"count":89,"href":"https:\/\/viroarg.com\/en\/wp-json\/wp\/v2\/pages\/21\/revisions"}],"predecessor-version":[{"id":2551,"href":"https:\/\/viroarg.com\/en\/wp-json\/wp\/v2\/pages\/21\/revisions\/2551"}],"wp:attachment":[{"href":"https:\/\/viroarg.com\/en\/wp-json\/wp\/v2\/media?parent=21"}],"wp:term":[{"taxonomy":"dipi_cpt_category","embeddable":true,"href":"https:\/\/viroarg.com\/en\/wp-json\/wp\/v2\/dipi_cpt_category?post=21"}],"curies":[{"name":"wp","href":"https:\/\/api.w.org\/{rel}","templated":true}]}}